{"id":239809,"date":"2022-01-12T18:31:24","date_gmt":"2022-01-12T16:31:24","guid":{"rendered":"https:\/\/brghamerling.at\/?page_id=239809"},"modified":"2025-04-04T08:32:51","modified_gmt":"2025-04-04T06:32:51","slug":"239809-2","status":"publish","type":"page","link":"https:\/\/brghamerling.at\/?page_id=239809","title":{"rendered":"Digitale Klasse"},"content":{"rendered":"<p>[et_pb_section fb_built=&#8220;1&#8243; admin_label=&#8220;Header&#8220; _builder_version=&#8220;4.16&#8243; use_background_color_gradient=&#8220;on&#8220; background_color_gradient_direction=&#8220;105deg&#8220; background_color_gradient_stops=&#8220;#eef8fe 0%|#efefef 100%&#8220; background_color_gradient_start=&#8220;#eef8fe&#8220; background_color_gradient_end=&#8220;#efefef&#8220; background_image=&#8220;https:\/\/brghamerling.at\/wp-content\/uploads\/2022\/01\/digitale_klasse-scaled.jpg&#8220; custom_margin=&#8220;|||&#8220; custom_padding=&#8220;120px|0px|120px|0px||&#8220; locked=&#8220;off&#8220; global_colors_info=&#8220;{}&#8220;][et_pb_row _builder_version=&#8220;4.16&#8243; global_colors_info=&#8220;{}&#8220;][et_pb_column type=&#8220;4_4&#8243; _builder_version=&#8220;4.16&#8243; custom_padding=&#8220;|||&#8220; global_colors_info=&#8220;{}&#8220; custom_padding__hover=&#8220;|||&#8220;][et_pb_text disabled_on=&#8220;on|on|on&#8220; _builder_version=&#8220;4.16&#8243; text_font=&#8220;Poppins||||||||&#8220; text_text_color=&#8220;rgba(255,255,255,0.8)&#8220; text_font_size=&#8220;18px&#8220; text_line_height=&#8220;1.8em&#8220; header_font=&#8220;Poppins|600|||||||&#8220; header_text_color=&#8220;#ffffff&#8220; header_font_size=&#8220;48px&#8220; header_line_height=&#8220;1.4em&#8220; header_3_font=&#8220;Poppins|600|||||||&#8220; header_3_font_size=&#8220;36px&#8220; header_3_line_height=&#8220;1.4em&#8220; background_layout=&#8220;dark&#8220; max_width=&#8220;600px&#8220; module_alignment=&#8220;left&#8220; custom_margin=&#8220;|||&#8220; custom_padding=&#8220;||0px|||&#8220; disabled=&#8220;on&#8220; global_colors_info=&#8220;{}&#8220;]<\/p>\n<h1>INFO<\/h1>\n<p>[\/et_pb_text][\/et_pb_column][\/et_pb_row][\/et_pb_section][et_pb_section fb_built=&#8220;1&#8243; admin_label=&#8220;Kontakt&#8220; _builder_version=&#8220;4.16&#8243; background_color=&#8220;#000000&#8243; min_height=&#8220;20px&#8220; max_height=&#8220;20px&#8220; custom_padding=&#8220;30px|0px|0px|0px||&#8220; global_colors_info=&#8220;{%22gcid-50c54f50-2d2a-4bbd-bde4-e45f40ea57f4%22:%91%22colorStart%22%93,%22gcid-538d9bf5-0d53-4187-911b-57a8d9e16acb%22:%91%93,%22gcid-38337a81-d11d-447b-b730-348d69a55118%22:%91%93}&#8220;][\/et_pb_section][et_pb_section fb_built=&#8220;1&#8243; admin_label=&#8220;Become a Member Section&#8220; _builder_version=&#8220;4.16&#8243; background_color=&#8220;#fafbfc&#8220; use_background_color_gradient=&#8220;on&#8220; background_color_gradient_type=&#8220;circular&#8220; background_color_gradient_direction_radial=&#8220;top left&#8220; background_color_gradient_stops=&#8220;#6aaf2e 0%|#ffffff 0%&#8220; background_color_gradient_start=&#8220;#6aaf2e&#8220; background_color_gradient_end=&#8220;#ffffff&#8220; background_color_gradient_end_position=&#8220;0%&#8220; custom_padding=&#8220;30px|0px|30px|0px||&#8220; global_colors_info=&#8220;{%22gcid-538d9bf5-0d53-4187-911b-57a8d9e16acb%22:%91%22colorStart%22%93}&#8220;][et_pb_row column_structure=&#8220;1_2,1_2&#8243; _builder_version=&#8220;4.16&#8243; custom_padding=&#8220;|||&#8220; locked=&#8220;off&#8220; global_colors_info=&#8220;{}&#8220;][et_pb_column type=&#8220;1_2&#8243; _builder_version=&#8220;4.16&#8243; custom_padding=&#8220;|||&#8220; global_colors_info=&#8220;{}&#8220; custom_padding__hover=&#8220;|||&#8220;][et_pb_text _builder_version=&#8220;4.16&#8243; text_font=&#8220;||||||||&#8220; header_font=&#8220;||||||||&#8220; header_2_font=&#8220;Poppins|500||on|||||&#8220; header_2_text_color=&#8220;rgba(0,0,0,0.2)&#8220; header_2_font_size=&#8220;16px&#8220; header_2_letter_spacing=&#8220;1px&#8220; header_2_line_height=&#8220;1.3em&#8220; custom_margin=&#8220;||20px|&#8220; saved_tabs=&#8220;all&#8220; locked=&#8220;off&#8220; global_colors_info=&#8220;{}&#8220;]<\/p>\n<h2>Bildungsangebot &gt; KONZEPTE<\/h2>\n<p>[\/et_pb_text][\/et_pb_column][et_pb_column type=&#8220;1_2&#8243; _builder_version=&#8220;4.16&#8243; custom_padding=&#8220;|||&#8220; global_colors_info=&#8220;{}&#8220; custom_padding__hover=&#8220;|||&#8220;][\/et_pb_column][\/et_pb_row][et_pb_row column_structure=&#8220;1_2,1_2&#8243; _builder_version=&#8220;4.16&#8243; _module_preset=&#8220;default&#8220; global_colors_info=&#8220;{}&#8220;][et_pb_column type=&#8220;1_2&#8243; _builder_version=&#8220;4.16&#8243; _module_preset=&#8220;default&#8220; global_colors_info=&#8220;{}&#8220;][et_pb_image src=&#8220;https:\/\/brghamerling.at\/wp-content\/uploads\/2022\/01\/DIGI-Pixel.png&#8220; title_text=&#8220;DIGI-Pixel&#8220; _builder_version=&#8220;4.16&#8243; _module_preset=&#8220;default&#8220; global_colors_info=&#8220;{}&#8220;][\/et_pb_image][et_pb_image src=&#8220;https:\/\/brghamerling.at\/wp-content\/uploads\/2022\/01\/DIGI-TEXT-Pixel.png&#8220; title_text=&#8220;DIGI-TEXT-Pixel&#8220; _builder_version=&#8220;4.16&#8243; _module_preset=&#8220;default&#8220; global_colors_info=&#8220;{}&#8220;][\/et_pb_image][et_pb_text _builder_version=&#8220;4.16&#8243; text_font=&#8220;||||||||&#8220; header_font=&#8220;||||||||&#8220; header_2_font=&#8220;Poppins|500||on|||||&#8220; header_2_text_color=&#8220;rgba(0,0,0,0.2)&#8220; header_2_font_size=&#8220;16px&#8220; header_2_letter_spacing=&#8220;1px&#8220; header_2_line_height=&#8220;1.3em&#8220; custom_margin=&#8220;||20px|&#8220; saved_tabs=&#8220;all&#8220; locked=&#8220;off&#8220; global_colors_info=&#8220;{}&#8220;]<\/p>\n<h2>UNTERSTUFE<\/h2>\n<p>[\/et_pb_text][et_pb_text _builder_version=&#8220;4.16&#8243; text_font=&#8220;Open Sans||on|on|||||&#8220; text_text_color=&#8220;#486066&#8243; text_font_size=&#8220;15px&#8220; text_line_height=&#8220;1.8em&#8220; header_font=&#8220;||||||||&#8220; global_colors_info=&#8220;{}&#8220;]<\/p>\n<p><span>&#8222;<\/span><span style=\"font-style: italic;\">Die digitale Welt ist zentraler Teil unseres Alltags. Damit ist auch die \u201eDigitale Schule\u201c [&#8230;] absolut keine Zukunftsmusik mehr. Sie ist die harmonische Kombination von moderner, digitaler Infrastruktur und inspirierender, zukunftsweisender P\u00e4dagogik.&#8220;<\/span><\/p>\n<p>(<span style=\"font-size: small;\">Bildungsministerium Bildung, Wirtschaft und Forschung)<\/span><\/p>\n<p>[\/et_pb_text][et_pb_text _builder_version=&#8220;4.16&#8243; _module_preset=&#8220;default&#8220; global_colors_info=&#8220;{}&#8220;]<\/p>\n<p>Das BRG Linz Hamerlingstra\u00dfe nimmt mit der &#8222;Digitalen Klasse&#8220; eine Vorreiterrolle ein, um den Sch\u00fcler*innen digitale Kompetenzen zu vermitteln, die in unserem Alltag einen immer wichtigeren Stellenwert einnehmen.<\/p>\n<p>Neben technischem Know-How werden vor allem F\u00e4higkeiten im Bereich (Selbst-)Organisation, Strukturierung und praktischer Probleml\u00f6sung entwickelt sowie die Bedeutung von Informationstechnologien in der Gesellschaft aufgezeigt. Dies geschieht durch den t\u00e4glichen Umgang mit digitalen Notizb\u00fcchern, digitalen interaktiven Arbeitsbl\u00e4ttern und Apps auf iPads (mit dazugeh\u00f6rigem Stift und Tastatur).<\/p>\n<p><span lang=\"de-AT\">Trotz des Einsetzens der iPads wird immer die Kommunikation zwischen Lehrperson und Sch\u00fcler*innen zentraler Bestandteil des Unterrichts sein.<\/span><span lang=\"de\">\u00a0<\/span><span lang=\"de-AT\">In den Unterrichtsf\u00e4chern Bewegung und Sport, Werkerziehung, Bildnerische Erziehung und Geometrisches Zeichnen steht neben fachlichen Inhalten vor allem das Weiterentwickeln von motorischen F\u00e4higkeiten im Vordergrund. Auch in den \u00fcbrigen Unterrichtsf\u00e4chern wird analog gearbeitet, wenn dies erforderlich ist (z.B. Arbeiten mit Zirkel und Lineal in Mathematik). Die Stifteingabe am iPad spielt bei der F\u00f6rderung der Handschrift ebenfalls eine zentrale Rolle.<\/span><\/p>\n<p>[\/et_pb_text][\/et_pb_column][et_pb_column type=&#8220;1_2&#8243; _builder_version=&#8220;4.16&#8243; _module_preset=&#8220;default&#8220; global_colors_info=&#8220;{}&#8220;][et_pb_image src=&#8220;https:\/\/brghamerling.at\/wp-content\/uploads\/2022\/01\/DigitaleKlasse_Uebersicht.png&#8220; title_text=&#8220;DigitaleKlasse_\u00dcbersicht&#8220; _builder_version=&#8220;4.16&#8243; _module_preset=&#8220;default&#8220; global_colors_info=&#8220;{}&#8220;][\/et_pb_image][\/et_pb_column][\/et_pb_row][et_pb_row _builder_version=&#8220;4.16&#8243; _module_preset=&#8220;default&#8220; global_colors_info=&#8220;{}&#8220;][et_pb_column type=&#8220;4_4&#8243; _builder_version=&#8220;4.16&#8243; _module_preset=&#8220;default&#8220; global_colors_info=&#8220;{}&#8220;][et_pb_image src=&#8220;https:\/\/brghamerling.at\/wp-content\/uploads\/2022\/01\/digitale_klasse-scaled.jpg&#8220; title_text=&#8220;digitale_klasse&#8220; _builder_version=&#8220;4.16&#8243; _module_preset=&#8220;default&#8220; global_colors_info=&#8220;{}&#8220;][\/et_pb_image][\/et_pb_column][\/et_pb_row][\/et_pb_section][et_pb_section fb_built=&#8220;1&#8243; admin_label=&#8220;Stundentafel&#8220; _builder_version=&#8220;4.16&#8243; background_color=&#8220;#fafbfc&#8220; custom_padding=&#8220;30px|0px|30px|0px||&#8220; global_colors_info=&#8220;{}&#8220;][et_pb_row _builder_version=&#8220;4.16&#8243; _module_preset=&#8220;default&#8220; global_colors_info=&#8220;{}&#8220;][et_pb_column type=&#8220;4_4&#8243; _builder_version=&#8220;4.16&#8243; _module_preset=&#8220;default&#8220; global_colors_info=&#8220;{}&#8220;][et_pb_text _builder_version=&#8220;4.16&#8243; _module_preset=&#8220;default&#8220; header_3_font=&#8220;|700||on|||||&#8220; header_3_text_color=&#8220;gcid-dd4717c7-ba97-42a2-b764-dc54d8530d84&#8243; header_4_font=&#8220;|700||on|||||&#8220; header_4_text_color=&#8220;#777777&#8243; header_4_font_size=&#8220;22px&#8220; custom_padding=&#8220;|0px||||&#8220; locked=&#8220;off&#8220; global_colors_info=&#8220;{%22gcid-5045b5df-4d48-4421-92ad-92d11b2e5ca9%22:%91%22header_3_text_color%22%93,%22gcid-08492866-8e06-4bb0-9d42-81b936eebfb0%22:%91%93,%22gcid-e51528a4-3544-453b-bb14-4632918b6981%22:%91%93,%22gcid-dd4717c7-ba97-42a2-b764-dc54d8530d84%22:%91%22header_3_text_color%22,%22header_3_text_color%22%93}&#8220;]<\/p>\n<h4>Was wir bieten<\/h4>\n<p>[\/et_pb_text][\/et_pb_column][\/et_pb_row][et_pb_row column_structure=&#8220;1_2,1_2&#8243; use_custom_gutter=&#8220;on&#8220; gutter_width=&#8220;2&#8243; column_padding_mobile=&#8220;on&#8220; custom_padding_last_edited=&#8220;on|phone&#8220; _builder_version=&#8220;4.16&#8243; background_size=&#8220;initial&#8220; background_position=&#8220;top_left&#8220; background_repeat=&#8220;repeat&#8220; custom_padding=&#8220;|||&#8220; custom_padding_tablet=&#8220;49px|||&#8220; custom_padding_phone=&#8220;19px|||&#8220; global_colors_info=&#8220;{}&#8220;][et_pb_column type=&#8220;1_2&#8243; _builder_version=&#8220;4.16&#8243; custom_padding=&#8220;|||&#8220; global_colors_info=&#8220;{}&#8220; custom_padding__hover=&#8220;|||&#8220;][et_pb_blurb title=&#8220;Das erwartet Dich&#8220; use_icon=&#8220;on&#8220; font_icon=&#8220;&#xe074;||divi||400&#8243; icon_color=&#8220;#000000&#8243; image_icon_width=&#8220;60px&#8220; admin_label=&#8220;Class&#8220; _builder_version=&#8220;4.16&#8243; header_font=&#8220;Poppins|600|||||||&#8220; header_text_align=&#8220;center&#8220; header_text_color=&#8220;#486066&#8243; header_font_size=&#8220;18px&#8220; header_line_height=&#8220;1.3em&#8220; body_font=&#8220;Open Sans||||||||&#8220; body_text_align=&#8220;center&#8220; body_text_color=&#8220;#486066&#8243; body_line_height=&#8220;1.8em&#8220; background_color=&#8220;gcid-88a1990b-41ce-40c3-b054-75538538869a&#8220; custom_margin=&#8220;|||&#8220; custom_padding=&#8220;40px|30px|40px|30px&#8220; animation_style=&#8220;fade&#8220; animation=&#8220;off&#8220; box_shadow_style=&#8220;preset1&#8243; box_shadow_vertical=&#8220;10px&#8220; box_shadow_blur=&#8220;24px&#8220; box_shadow_spread=&#8220;6px&#8220; box_shadow_color=&#8220;rgba(0,0,0,0.06)&#8220; icon_font_size=&#8220;60px&#8220; global_colors_info=&#8220;{%22gcid-538d9bf5-0d53-4187-911b-57a8d9e16acb%22:%91%93,%22gcid-d9c7f5ec-27ba-4a7a-abfa-49b0248c8844%22:%91%93,%22gcid-50c54f50-2d2a-4bbd-bde4-e45f40ea57f4%22:%91%93,%22gcid-6d223cf2-0ca0-44ed-9cce-1dbb3a52aca3%22:%91%93,%22gcid-88a1990b-41ce-40c3-b054-75538538869a%22:%91%22background_color%22%93}&#8220;]<\/p>\n<p><span lang=\"de-AT\">Verw<\/span><span lang=\"de-AT\">enden des digitalen Endger\u00e4ts in allen F\u00e4chern<\/span><span lang=\"de\">\u00a0<\/span><\/p>\n<p><span lang=\"de-AT\">Digitale Notizb\u00fccher in jedem Unterrichtsfach \u00fcber OneNote und MS Teams<\/span><\/p>\n<p><span lang=\"de-AT\">Digitale interaktive Arbeitsbl\u00e4tter<\/span><\/p>\n<p><span lang=\"de-AT\">Digitale Stifteingabe, um handschriftliche Notizen anzufertigen<\/span><span lang=\"de\">\u00a0<\/span><\/p>\n<p><span lang=\"de-AT\">Analoge Schulb\u00fccher inklusive digitaler Version<\/span><\/p>\n<p><span lang=\"de-AT\">Digitalisieren analoger Arbeiten<\/span><\/p>\n<p><span lang=\"de-AT\">Erlernen des 10-Finger-Systems<\/span><span lang=\"de\">\u00a0<\/span><\/p>\n<p><span lang=\"de-AT\">Kommunikation mit Eltern \u00fcber SchoolFox<\/span><span lang=\"de\">\u00a0<\/span><\/p>\n<p><span lang=\"de-AT\">Klare Verhaltensregeln im Umgang mit dem digitalen Endger\u00e4t<\/span><span lang=\"de\">\u00a0<\/span><\/p>\n<p><span lang=\"de-AT\">Einsparen von Kopierkosten<\/span><\/p>\n<p>[\/et_pb_blurb][\/et_pb_column][et_pb_column type=&#8220;1_2&#8243; _builder_version=&#8220;4.16&#8243; custom_padding=&#8220;|||&#8220; global_colors_info=&#8220;{}&#8220; custom_padding__hover=&#8220;|||&#8220;][et_pb_blurb title=&#8220;Bildungsziele&#8220; use_icon=&#8220;on&#8220; font_icon=&#8220;&#xe072;||divi||400&#8243; icon_color=&#8220;#000000&#8243; image_icon_width=&#8220;60px&#8220; admin_label=&#8220;Class&#8220; _builder_version=&#8220;4.16&#8243; header_font=&#8220;Poppins|600|||||||&#8220; header_text_align=&#8220;center&#8220; header_text_color=&#8220;#486066&#8243; header_font_size=&#8220;18px&#8220; header_line_height=&#8220;1.3em&#8220; body_font=&#8220;Open Sans||||||||&#8220; body_text_align=&#8220;center&#8220; body_text_color=&#8220;#486066&#8243; body_line_height=&#8220;1.8em&#8220; background_color=&#8220;gcid-88a1990b-41ce-40c3-b054-75538538869a&#8220; custom_margin=&#8220;|||&#8220; custom_padding=&#8220;40px|30px|40px|30px&#8220; animation_style=&#8220;fade&#8220; animation=&#8220;off&#8220; box_shadow_style=&#8220;preset1&#8243; box_shadow_vertical=&#8220;10px&#8220; box_shadow_blur=&#8220;24px&#8220; box_shadow_spread=&#8220;6px&#8220; box_shadow_color=&#8220;rgba(0,0,0,0.06)&#8220; icon_font_size=&#8220;60px&#8220; global_colors_info=&#8220;{%22gcid-538d9bf5-0d53-4187-911b-57a8d9e16acb%22:%91%93,%22gcid-d9c7f5ec-27ba-4a7a-abfa-49b0248c8844%22:%91%93,%22gcid-50c54f50-2d2a-4bbd-bde4-e45f40ea57f4%22:%91%93,%22gcid-6d223cf2-0ca0-44ed-9cce-1dbb3a52aca3%22:%91%93,%22gcid-88a1990b-41ce-40c3-b054-75538538869a%22:%91%22background_color%22%93}&#8220;]<\/p>\n<p><span>Entwickeln und St\u00e4rken von zukunftsrelevanter digitaler Kompetenz<\/span><span><\/span><\/p>\n<p><span>St\u00e4rken der Selbstorganisation und Strukturierung des Schulalltags<\/span><\/p>\n<p>St\u00e4rken der Probleml\u00f6sef\u00e4higkeit<span><\/span><\/p>\n<p><span>Sensibilisierter Umgang mit digitalen Medien<\/span><\/p>\n<p>Kompetenter Umgang mit dem digitalen Endger\u00e4t als Arbeitsger\u00e4t<span><\/span><\/p>\n<p><span><\/span><\/p>\n<p>[\/et_pb_blurb][\/et_pb_column][\/et_pb_row][et_pb_row use_custom_gutter=&#8220;on&#8220; gutter_width=&#8220;2&#8243; custom_padding_last_edited=&#8220;on|desktop&#8220; _builder_version=&#8220;4.16&#8243; custom_padding=&#8220;|||&#8220; custom_padding_tablet=&#8220;0px||0px|&#8220; custom_padding_phone=&#8220;&#8220; locked=&#8220;off&#8220; global_colors_info=&#8220;{}&#8220;][et_pb_column type=&#8220;4_4&#8243; _builder_version=&#8220;4.16&#8243; custom_padding=&#8220;|||&#8220; global_colors_info=&#8220;{}&#8220; custom_padding__hover=&#8220;|||&#8220;][et_pb_text _builder_version=&#8220;4.16&#8243; _module_preset=&#8220;default&#8220; text_font=&#8220;||||||||&#8220; header_font=&#8220;|||on|||||&#8220; header_text_align=&#8220;center&#8220; header_3_font=&#8220;|600||on|||||&#8220; header_3_text_align=&#8220;left&#8220; header_3_text_color=&#8220;#000000&#8243; header_3_font_size=&#8220;36px&#8220; header_3_line_height=&#8220;1.4em&#8220; text_orientation=&#8220;center&#8220; global_colors_info=&#8220;{%22gcid-dd4717c7-ba97-42a2-b764-dc54d8530d84%22:%91%93,%22gcid-538d9bf5-0d53-4187-911b-57a8d9e16acb%22:%91%93}&#8220;]<\/p>\n<h3>Stundentafel<\/h3>\n<p>[\/et_pb_text][et_pb_text disabled_on=&#8220;on|on|on&#8220; _builder_version=&#8220;4.16&#8243; _module_preset=&#8220;default&#8220; header_3_font=&#8220;|700||on|||||&#8220; header_3_text_color=&#8220;gcid-dd4717c7-ba97-42a2-b764-dc54d8530d84&#8243; header_4_font=&#8220;|700||on|||||&#8220; header_4_text_color=&#8220;#777777&#8243; header_4_font_size=&#8220;22px&#8220; custom_padding=&#8220;|0px||||&#8220; disabled=&#8220;on&#8220; locked=&#8220;off&#8220; global_colors_info=&#8220;{%22gcid-5045b5df-4d48-4421-92ad-92d11b2e5ca9%22:%91%22header_3_text_color%22%93,%22gcid-08492866-8e06-4bb0-9d42-81b936eebfb0%22:%91%93,%22gcid-e51528a4-3544-453b-bb14-4632918b6981%22:%91%93,%22gcid-dd4717c7-ba97-42a2-b764-dc54d8530d84%22:%91%22header_3_text_color%22,%22header_3_text_color%22%93}&#8220;]<\/p>\n<h4>Wenn du die digitale KLasse besuchst &#8230;<\/h4>\n<p>&#8230; gehst du in ein naturwissenschaftliches Gymnasium, welches Wert auf zukunftsorientierte digitale Methoden legt.<\/p>\n<p>&#8230; triffst du auf ein gut strukturiertes und zusammenarbeitendes Lehrer*innen-Team.<\/p>\n<p>&#8230; hast du die selben F\u00e4cher, also die selbe Stundentafel, wie in einer klassischen naturwissenschaftlichen Klasse.<\/p>\n<p>&#8230; wird dir nie der Platz in einem Heft ausgehen.<\/p>\n<p>&nbsp;<\/p>\n<p>[\/et_pb_text][\/et_pb_column][\/et_pb_row][et_pb_row column_structure=&#8220;1_2,1_2&#8243; _builder_version=&#8220;4.16&#8243; _module_preset=&#8220;default&#8220; global_colors_info=&#8220;{}&#8220;][et_pb_column type=&#8220;1_2&#8243; _builder_version=&#8220;4.16&#8243; _module_preset=&#8220;default&#8220; global_colors_info=&#8220;{}&#8220;][et_pb_image src=&#8220;https:\/\/brghamerling.at\/wp-content\/uploads\/2024\/11\/Stundentafel_DIGI.jpg&#8220; title_text=&#8220;Stundentafel_DIGI&#8220; _builder_version=&#8220;4.25.2&#8243; _module_preset=&#8220;default&#8220; width=&#8220;100%&#8220; global_colors_info=&#8220;{}&#8220;][\/et_pb_image][\/et_pb_column][et_pb_column type=&#8220;1_2&#8243; _builder_version=&#8220;4.16&#8243; _module_preset=&#8220;default&#8220; global_colors_info=&#8220;{}&#8220;][\/et_pb_column][\/et_pb_row][\/et_pb_section][et_pb_section fb_built=&#8220;1&#8243; admin_label=&#8220;Kontakt&#8220; _builder_version=&#8220;4.16&#8243; background_color=&#8220;gcid-88a1990b-41ce-40c3-b054-75538538869a&#8220; use_background_color_gradient=&#8220;on&#8220; background_color_gradient_stops=&#8220;#e2e2e2 0%|#ffffff 100%&#8220; background_color_gradient_start=&#8220;#e2e2e2&#8243; background_color_gradient_end=&#8220;#ffffff&#8220; custom_padding=&#8220;30px|0px|30px|0px||&#8220; global_colors_info=&#8220;{%22gcid-50c54f50-2d2a-4bbd-bde4-e45f40ea57f4%22:%91%93,%22gcid-538d9bf5-0d53-4187-911b-57a8d9e16acb%22:%91%93,%22gcid-38337a81-d11d-447b-b730-348d69a55118%22:%91%93,%22gcid-88a1990b-41ce-40c3-b054-75538538869a%22:%91%22background_color%22,%22colorStart%22%93}&#8220;][et_pb_row use_custom_gutter=&#8220;on&#8220; gutter_width=&#8220;2&#8243; custom_padding_last_edited=&#8220;on|desktop&#8220; _builder_version=&#8220;4.16&#8243; custom_padding=&#8220;|||&#8220; custom_padding_tablet=&#8220;0px||0px|&#8220; custom_padding_phone=&#8220;&#8220; locked=&#8220;off&#8220; global_colors_info=&#8220;{}&#8220;][et_pb_column type=&#8220;4_4&#8243; _builder_version=&#8220;4.16&#8243; custom_padding=&#8220;|||&#8220; global_colors_info=&#8220;{}&#8220; custom_padding__hover=&#8220;|||&#8220;][et_pb_text _builder_version=&#8220;4.16&#8243; _module_preset=&#8220;default&#8220; text_font=&#8220;||||||||&#8220; header_font=&#8220;|||on|||||&#8220; header_text_align=&#8220;center&#8220; header_3_font=&#8220;|600||on|||||&#8220; header_3_text_align=&#8220;left&#8220; header_3_text_color=&#8220;#000000&#8243; header_3_font_size=&#8220;36px&#8220; header_3_line_height=&#8220;1.4em&#8220; text_orientation=&#8220;center&#8220; global_colors_info=&#8220;{%22gcid-dd4717c7-ba97-42a2-b764-dc54d8530d84%22:%91%93,%22gcid-538d9bf5-0d53-4187-911b-57a8d9e16acb%22:%91%93}&#8220;]<\/p>\n<h3>Kontakt<\/h3>\n<p>[\/et_pb_text][et_pb_text disabled_on=&#8220;on|on|on&#8220; _builder_version=&#8220;4.16&#8243; _module_preset=&#8220;default&#8220; header_3_font=&#8220;|700||on|||||&#8220; header_3_text_color=&#8220;gcid-dd4717c7-ba97-42a2-b764-dc54d8530d84&#8243; header_4_font=&#8220;|700||on|||||&#8220; header_4_text_color=&#8220;#777777&#8243; header_4_font_size=&#8220;22px&#8220; custom_padding=&#8220;|0px||||&#8220; disabled=&#8220;on&#8220; locked=&#8220;off&#8220; global_colors_info=&#8220;{%22gcid-5045b5df-4d48-4421-92ad-92d11b2e5ca9%22:%91%22header_3_text_color%22%93,%22gcid-08492866-8e06-4bb0-9d42-81b936eebfb0%22:%91%93,%22gcid-e51528a4-3544-453b-bb14-4632918b6981%22:%91%93,%22gcid-dd4717c7-ba97-42a2-b764-dc54d8530d84%22:%91%22header_3_text_color%22,%22header_3_text_color%22%93}&#8220;]<\/p>\n<h4>Digitale Klasse &#8211; Koordinator<\/h4>\n<p>[\/et_pb_text][et_pb_team_member name=&#8220;Mag. Alexander Wollanek&#8220; position=&#8220;Digitale Klasse &#8211; Koordinator&#8220; image_url=&#8220;https:\/\/brghamerling.at\/wp-content\/uploads\/2021\/12\/84-Wollanek-Alexander-3.jpg&#8220; icon_color=&#8220;#44d89e&#8220; _builder_version=&#8220;4.19.0&#8243; header_font=&#8220;Poppins|500|||||||&#8220; header_text_color=&#8220;#486066&#8243; header_font_size=&#8220;18px&#8220; body_font=&#8220;Open Sans||||||||&#8220; body_line_height=&#8220;1.8em&#8220; background_color=&#8220;#ffffff&#8220; text_orientation=&#8220;left&#8220; module_alignment=&#8220;left&#8220; min_height=&#8220;213px&#8220; custom_margin=&#8220;|0px||||&#8220; custom_padding=&#8220;30px|30px|30px|30px&#8220; animation_style=&#8220;fade&#8220; border_radii_image=&#8220;off||||&#8220; box_shadow_style=&#8220;preset1&#8243; box_shadow_vertical=&#8220;10px&#8220; box_shadow_blur=&#8220;24px&#8220; box_shadow_spread=&#8220;6px&#8220; box_shadow_color=&#8220;rgba(0,0,0,0.06)&#8220; icon_hover_color=&#8220;#353740&#8243; global_colors_info=&#8220;{}&#8220; icon_color__hover=&#8220;#353740&#8243; icon_color__hover_enabled=&#8220;on&#8220;]<\/p>\n<p><span><\/span><a href=\"mailto:alexander.wollanek@brghamerling.at\">alexander.wollanek@brghamerling.at<\/a><\/p>\n<p>[\/et_pb_team_member][\/et_pb_column][\/et_pb_row][\/et_pb_section]<\/p>\n","protected":false},"excerpt":{"rendered":"<p>INFOBildungsangebot &gt; KONZEPTEUNTERSTUFE&#8220;Die digitale Welt ist zentraler Teil unseres Alltags. Damit ist auch die \u201eDigitale Schule\u201c [&#8230;] absolut keine Zukunftsmusik mehr. Sie ist die harmonische Kombination von moderner, digitaler Infrastruktur und inspirierender, zukunftsweisender P\u00e4dagogik.&#8220; (Bildungsministerium Bildung, Wirtschaft und Forschung)Das BRG Linz Hamerlingstra\u00dfe nimmt mit der &#8222;Digitalen Klasse&#8220; eine Vorreiterrolle ein, um den Sch\u00fcler*innen digitale Kompetenzen [&hellip;]<\/p>\n","protected":false},"author":2,"featured_media":0,"parent":0,"menu_order":0,"comment_status":"closed","ping_status":"closed","template":"","meta":{"_et_pb_use_builder":"on","_et_pb_old_content":"","_et_gb_content_width":"","footnotes":""},"class_list":["post-239809","page","type-page","status-publish","hentry"],"_links":{"self":[{"href":"https:\/\/brghamerling.at\/index.php?rest_route=\/wp\/v2\/pages\/239809","targetHints":{"allow":["GET"]}}],"collection":[{"href":"https:\/\/brghamerling.at\/index.php?rest_route=\/wp\/v2\/pages"}],"about":[{"href":"https:\/\/brghamerling.at\/index.php?rest_route=\/wp\/v2\/types\/page"}],"author":[{"embeddable":true,"href":"https:\/\/brghamerling.at\/index.php?rest_route=\/wp\/v2\/users\/2"}],"replies":[{"embeddable":true,"href":"https:\/\/brghamerling.at\/index.php?rest_route=%2Fwp%2Fv2%2Fcomments&post=239809"}],"version-history":[{"count":26,"href":"https:\/\/brghamerling.at\/index.php?rest_route=\/wp\/v2\/pages\/239809\/revisions"}],"predecessor-version":[{"id":242666,"href":"https:\/\/brghamerling.at\/index.php?rest_route=\/wp\/v2\/pages\/239809\/revisions\/242666"}],"wp:attachment":[{"href":"https:\/\/brghamerling.at\/index.php?rest_route=%2Fwp%2Fv2%2Fmedia&parent=239809"}],"curies":[{"name":"wp","href":"https:\/\/api.w.org\/{rel}","templated":true}]}}