{"id":24728,"date":"2021-07-13T11:16:34","date_gmt":"2021-07-13T11:16:34","guid":{"rendered":"https:\/\/brghamerling.at\/?page_id=24728"},"modified":"2025-10-10T11:26:01","modified_gmt":"2025-10-10T09:26:01","slug":"bibliothek","status":"publish","type":"page","link":"https:\/\/brghamerling.at\/?page_id=24728","title":{"rendered":"Bibliothek"},"content":{"rendered":"<p>[et_pb_section fb_built=&#8220;1&#8243; admin_label=&#8220;Header&#8220; _builder_version=&#8220;4.16&#8243; use_background_color_gradient=&#8220;on&#8220; background_color_gradient_direction=&#8220;105deg&#8220; background_color_gradient_stops=&#8220;#eef8fe 0%|#efefef 100%&#8220; background_color_gradient_start=&#8220;#eef8fe&#8220; background_color_gradient_end=&#8220;#efefef&#8220; background_image=&#8220;https:\/\/brghamerling.at\/wp-content\/uploads\/2021\/07\/Bibliothek_BrgHamerling_4_WEB.jpg&#8220; custom_margin=&#8220;|||&#8220; custom_padding=&#8220;120px|0px|120px|0px||&#8220; locked=&#8220;off&#8220; global_colors_info=&#8220;{}&#8220;][et_pb_row _builder_version=&#8220;4.16&#8243; global_colors_info=&#8220;{}&#8220;][et_pb_column type=&#8220;4_4&#8243; _builder_version=&#8220;4.16&#8243; custom_padding=&#8220;|||&#8220; global_colors_info=&#8220;{}&#8220; custom_padding__hover=&#8220;|||&#8220;][et_pb_text disabled_on=&#8220;on|on|on&#8220; _builder_version=&#8220;4.16&#8243; text_font=&#8220;Poppins||||||||&#8220; text_text_color=&#8220;rgba(255,255,255,0.8)&#8220; text_font_size=&#8220;18px&#8220; text_line_height=&#8220;1.8em&#8220; header_font=&#8220;Poppins|600|||||||&#8220; header_text_color=&#8220;#ffffff&#8220; header_font_size=&#8220;48px&#8220; header_line_height=&#8220;1.4em&#8220; header_3_font=&#8220;Poppins|600|||||||&#8220; header_3_font_size=&#8220;36px&#8220; header_3_line_height=&#8220;1.4em&#8220; background_layout=&#8220;dark&#8220; max_width=&#8220;600px&#8220; module_alignment=&#8220;left&#8220; custom_margin=&#8220;|||&#8220; custom_padding=&#8220;||0px|||&#8220; disabled=&#8220;on&#8220; global_colors_info=&#8220;{}&#8220;]<\/p>\n<h1>NAWI<\/h1>\n<p>[\/et_pb_text][\/et_pb_column][\/et_pb_row][\/et_pb_section][et_pb_section fb_built=&#8220;1&#8243; admin_label=&#8220;Kontakt&#8220; _builder_version=&#8220;4.16&#8243; background_color=&#8220;gcid-dd4717c7-ba97-42a2-b764-dc54d8530d84&#8243; min_height=&#8220;20px&#8220; max_height=&#8220;20px&#8220; custom_padding=&#8220;30px|0px|0px|0px||&#8220; global_colors_info=&#8220;{%22gcid-50c54f50-2d2a-4bbd-bde4-e45f40ea57f4%22:%91%22colorStart%22%93,%22gcid-538d9bf5-0d53-4187-911b-57a8d9e16acb%22:%91%93,%22gcid-38337a81-d11d-447b-b730-348d69a55118%22:%91%93,%22gcid-dd4717c7-ba97-42a2-b764-dc54d8530d84%22:%91%22background_color%22%93}&#8220;][\/et_pb_section][et_pb_section fb_built=&#8220;1&#8243; admin_label=&#8220;Become a Member Section&#8220; _builder_version=&#8220;4.16&#8243; background_color=&#8220;#fafbfc&#8220; use_background_color_gradient=&#8220;on&#8220; background_color_gradient_type=&#8220;circular&#8220; background_color_gradient_direction_radial=&#8220;top left&#8220; background_color_gradient_stops=&#8220;#6aaf2e 0%|#ffffff 0%&#8220; background_color_gradient_start=&#8220;#6aaf2e&#8220; background_color_gradient_end=&#8220;#ffffff&#8220; background_color_gradient_end_position=&#8220;0%&#8220; custom_padding=&#8220;30px|0px|30px|0px||&#8220; global_colors_info=&#8220;{%22gcid-538d9bf5-0d53-4187-911b-57a8d9e16acb%22:%91%22colorStart%22%93}&#8220;][et_pb_row column_structure=&#8220;3_5,2_5&#8243; _builder_version=&#8220;4.16&#8243; custom_padding=&#8220;|||&#8220; locked=&#8220;off&#8220; global_colors_info=&#8220;{}&#8220;][et_pb_column type=&#8220;3_5&#8243; _builder_version=&#8220;4.16&#8243; custom_padding=&#8220;|||&#8220; global_colors_info=&#8220;{}&#8220; custom_padding__hover=&#8220;|||&#8220;][et_pb_text _builder_version=&#8220;4.16&#8243; text_font=&#8220;||||||||&#8220; header_font=&#8220;||||||||&#8220; header_2_font=&#8220;Poppins|500||on|||||&#8220; header_2_text_color=&#8220;rgba(0,0,0,0.2)&#8220; header_2_font_size=&#8220;16px&#8220; header_2_letter_spacing=&#8220;1px&#8220; header_2_line_height=&#8220;1.3em&#8220; custom_margin=&#8220;||20px|&#8220; saved_tabs=&#8220;all&#8220; locked=&#8220;off&#8220; global_colors_info=&#8220;{}&#8220;]<\/p>\n<h2>Unsere Schule &gt; Bibliothek<\/h2>\n<p>[\/et_pb_text][et_pb_text _builder_version=&#8220;4.16&#8243; _module_preset=&#8220;_initial&#8220; text_font=&#8220;||||||||&#8220; text_text_color=&#8220;gcid-dd4717c7-ba97-42a2-b764-dc54d8530d84&#8243; header_font=&#8220;||||||||&#8220; header_3_font=&#8220;Poppins|600||on|||||&#8220; header_3_text_color=&#8220;gcid-dd4717c7-ba97-42a2-b764-dc54d8530d84&#8243; header_3_font_size=&#8220;36px&#8220; header_3_line_height=&#8220;1.4em&#8220; global_colors_info=&#8220;{%22gcid-538d9bf5-0d53-4187-911b-57a8d9e16acb%22:%91%93,%22gcid-dd4717c7-ba97-42a2-b764-dc54d8530d84%22:%91%22text_text_color%22,%22header_3_text_color%22%93}&#8220;]<\/p>\n<h3>Bibliothek<\/h3>\n<p>[\/et_pb_text][et_pb_text _builder_version=&#8220;4.16&#8243; text_font=&#8220;Open Sans||||||||&#8220; text_text_color=&#8220;#486066&#8243; text_font_size=&#8220;15px&#8220; text_line_height=&#8220;1.8em&#8220; header_font=&#8220;||||||||&#8220; global_colors_info=&#8220;{}&#8220;]<\/p>\n<p>Im Herbst 2012 \u00fcbersiedelte die seit dem Schuljahr 1992\/93 bestehende Schulb\u00fccherei in eine neue, noch attraktivere Umgebung.<\/p>\n<p>Der im Zuge des Schulumbaus entstandene lichtdurchflutete Raum in zentraler Lage im Tiefgescho\u00df bietet unseren Sch\u00fclern in moderner und zugleich behaglicher Atmosph\u00e4re die M\u00f6glichkeit, Arbeiten zu erledigen, im reichhaltigen, vielseitigen B\u00fccher- und Zeitschriftenangebot zu schm\u00f6kern oder einfach in einer ruhigen Umgebung zu entspannen, wozu gem\u00fctliche Sitzs\u00e4cke und Hocker einladen.<\/p>\n<p><strong><span>Mehr als nur eine Bibliothek<\/span><\/strong><br \/>Unsere Bibliothek ist weitaus mehr als eine Sammlung von etwa 9000 B\u00fcchern, H\u00f6rb\u00fcchern und DVDs. Man kann hier Referate vorbereiten, die Haus\u00fcbung erledigen oder sich auf den Unterricht vorbereiten, gemeinsam mit anderen eines der zahlreichen vorhandenen Gesellschaftsspiele ausprobieren, allein oder zu zweit das eine oder andere Wissensspiel versuchen, Texte kopieren, scannen und als Klasse die Vortrags- und Filmeinrichtungen benutzen.<\/p>\n<p>Das Ausleihen und Reservieren ist kostenlos.\u00a0<\/p>\n<p>[\/et_pb_text][et_pb_video src=&#8220;https:\/\/www.youtube.com\/watch?v=HtWsnr9HxP0&#038;t=1s&#8220; _builder_version=&#8220;4.16&#8243; _module_preset=&#8220;default&#8220; global_colors_info=&#8220;{}&#8220;][\/et_pb_video][et_pb_text _builder_version=&#8220;4.16&#8243; _module_preset=&#8220;default&#8220; global_colors_info=&#8220;{}&#8220;]<\/p>\n<p><strong><span>Gro\u00dfe Auswahl<br \/><\/span><\/strong>Neben mehr als 1000 Kinder- und Jugendb\u00fcchern findet sich ein umfangreiches Literaturangebot f\u00fcr Oberstufensch\u00fcler.<\/p>\n<p>Auch Literaturverfilmungen und Informationssendungen k\u00f6nnen gratis entlehnt werden.<\/p>\n<p>Dazu kommen Nachschlagewerke aller Art, Sachb\u00fccher, wissenschaftliche Werke, Lehrwerke f\u00fcr den Unterricht, Materialien zur Unterrichtserg\u00e4nzung, zum Selbststudium und zahlreiche \u00dcbungsmaterialien f\u00fcr die Unterrichtsgegenst\u00e4nde.<\/p>\n<p>Etwa 25 verschiedene Zeitschriften, u.a. aus den Wissensgebieten Psychologie, Geographie, Geschichte, Naturwissenschaft und Technik, liegen in der Bibliothek auf.<strong><\/strong><\/p>\n<p><strong><span>Texte auch in Fremdsprachen<br \/><\/span><\/strong>Literatur, Zeitschriften und Unterrichtsmaterialen gibt es nicht nur in deutscher Sprache, sondern auch in den am BRG Hamerlingstra\u00dfe unterrichteten Sprachen Englisch, Franz\u00f6sisch, Latein und Spanisch.<\/p>\n<p>Eine Vielzahl an fremdsprachigen Texten steht auch in vereinfachten Versionen als Lekt\u00fcre f\u00fcr j\u00fcngere Sch\u00fcler zur Verf\u00fcgung.<br \/><strong><\/strong><\/p>\n<p><strong><span>Suchen und Finden<br \/><\/span><\/strong>Findet man nicht sofort, was man ben\u00f6tigt, stehen 7 Notebooks bereit, um mit Hilfe des Bibliotheksprogramms \u201eLittera\u201c B\u00fccher, Zeitschriften oder DVDs zu suchen und nachzusehen, ob das Medium vorhanden oder ausgeliehen ist.<\/p>\n<p>Selbstverst\u00e4ndlich verf\u00fcgen die Computer auch \u00fcber freien Internetzugang.<\/p>\n<p><span><strong>Mitarbeit der Sch\u00fcler<br \/><\/strong><\/span>Erst durch die Mitarbeit der Sch\u00fclerinnen und Sch\u00fcler kann die Schulbibliothek gut funktionieren. Bibliotheksassistent\/inn\/en aus der Oberstufe unterst\u00fctzen die B\u00fcchereileiterin bei ihrer Arbeit.<\/p>\n<p>[\/et_pb_text][\/et_pb_column][et_pb_column type=&#8220;2_5&#8243; _builder_version=&#8220;4.16&#8243; custom_padding=&#8220;|||&#8220; global_colors_info=&#8220;{}&#8220; custom_padding__hover=&#8220;|||&#8220;][et_pb_text _builder_version=&#8220;4.16&#8243; _module_preset=&#8220;default&#8220; header_3_font=&#8220;|700||on|||||&#8220; header_3_text_color=&#8220;gcid-dd4717c7-ba97-42a2-b764-dc54d8530d84&#8243; header_4_font=&#8220;|700||on|||||&#8220; header_4_text_color=&#8220;gcid-e51528a4-3544-453b-bb14-4632918b6981&#8243; header_4_font_size=&#8220;22px&#8220; custom_padding=&#8220;|0px||||&#8220; locked=&#8220;off&#8220; global_colors_info=&#8220;{%22gcid-5045b5df-4d48-4421-92ad-92d11b2e5ca9%22:%91%22header_3_text_color%22%93,%22gcid-08492866-8e06-4bb0-9d42-81b936eebfb0%22:%91%93,%22gcid-e51528a4-3544-453b-bb14-4632918b6981%22:%91%22header_4_text_color%22%93,%22gcid-dd4717c7-ba97-42a2-b764-dc54d8530d84%22:%91%22header_3_text_color%22,%22header_3_text_color%22%93}&#8220;]<\/p>\n<h4>\u00d6ffnungszeiten<\/h4>\n<p>[\/et_pb_text][et_pb_text _builder_version=&#8220;4.27.4&#8243; text_font=&#8220;Open Sans||||||||&#8220; text_text_color=&#8220;#486066&#8243; text_font_size=&#8220;15px&#8220; text_line_height=&#8220;1.8em&#8220; header_font=&#8220;||||||||&#8220; global_colors_info=&#8220;{}&#8220;]<\/p>\n<p><b><span data-contrast=\"none\">EARLY BIRDS<\/span><\/b><span data-contrast=\"none\">: <\/span><span data-contrast=\"none\"><br \/>t\u00e4glich<\/span> 7:15 &#8211; 7:45<span data-contrast=\"none\">\u00a0\u00a0<\/span><span data-ccp-props=\"{&quot;201341983&quot;:0,&quot;335559739&quot;:0,&quot;335559740&quot;:240}\">\u00a0<\/span><\/p>\n<p><b><span data-contrast=\"none\">GROSSE PAUSE<\/span><\/b><span data-contrast=\"none\">: <\/span><br \/><span data-contrast=\"none\"><\/span>Montag &#8211; Freitag<\/p>\n<p><b><span data-contrast=\"none\">WEITERE \u00d6FFNUNGSZEITEN:\u00a0<\/span><\/b><span data-ccp-props=\"{&quot;201341983&quot;:0,&quot;335559739&quot;:0,&quot;335559740&quot;:240}\">\u00a0<\/span><br \/><span data-contrast=\"none\">Montag<\/span><span data-contrast=\"none\">:\u00a0 \u00a0 \u00a0 \u00a0 \u00a009:50 &#8211; 11:00<\/span><span data-ccp-props=\"{&quot;201341983&quot;:0,&quot;335559739&quot;:0,&quot;335559740&quot;:240}\"> Uhr<\/span><br \/><span data-contrast=\"none\">Dienstag:\u00a0 \u00a0 \u00a0 \u00a008:00 &#8211; 09:45 Uhr<\/span><span data-ccp-props=\"{&quot;201341983&quot;:0,&quot;335559739&quot;:0,&quot;335559740&quot;:240}\">\u00a0<\/span><br \/><span data-contrast=\"none\">Mittwoch:\u00a0 \u00a0 \u00a0 10:55 &#8211; 11:45<\/span><span data-ccp-props=\"{&quot;201341983&quot;:0,&quot;335559739&quot;:0,&quot;335559740&quot;:240}\"> Uhr<\/span><br \/><span data-contrast=\"none\">Donnerstag:\u00a0 09:45 &#8211; 10:55<\/span><span data-ccp-props=\"{&quot;201341983&quot;:0,&quot;335559739&quot;:0,&quot;335559740&quot;:240}\"> Uhr<br \/>Freitag:\u00a0 \u00a0 \u00a0 \u00a0 \u00a0 \u00a010:55 &#8211; 11:45 Uhr<br \/><\/span><\/p>\n<p><span data-ccp-props=\"{&quot;201341983&quot;:0,&quot;335559739&quot;:0,&quot;335559740&quot;:240}\"><\/span><\/p>\n<p><span data-ccp-props=\"{&quot;201341983&quot;:0,&quot;335559739&quot;:0,&quot;335559740&quot;:240}\"><\/span><\/p>\n<p><span data-ccp-props=\"{&quot;201341983&quot;:0,&quot;335559739&quot;:0,&quot;335559740&quot;:240}\"><\/span><\/p>\n<p>[\/et_pb_text][et_pb_image src=&#8220;https:\/\/brghamerling.at\/wp-content\/uploads\/2021\/07\/BRG-Hamerling-060-300&#215;200.jpg&#8220; title_text=&#8220;BRG-Hamerling-060&#8243; _builder_version=&#8220;4.16&#8243; _module_preset=&#8220;default&#8220; width=&#8220;100%&#8220; global_colors_info=&#8220;{}&#8220;][\/et_pb_image][et_pb_image src=&#8220;https:\/\/brghamerling.at\/wp-content\/uploads\/2021\/07\/Bibliothek_BrgHamerling_4_WEB-300&#215;225.jpg&#8220; title_text=&#8220;Bibliothek_BrgHamerling_4_WEB&#8220; _builder_version=&#8220;4.16&#8243; _module_preset=&#8220;default&#8220; width=&#8220;100%&#8220; global_colors_info=&#8220;{}&#8220;][\/et_pb_image][et_pb_image src=&#8220;https:\/\/brghamerling.at\/wp-content\/uploads\/2021\/07\/AtriumBibl_BrgHamerling_6-Pn_WEB-291&#215;300.jpg&#8220; title_text=&#8220;AtriumBibl_BrgHamerling_6 Pn_WEB&#8220; _builder_version=&#8220;4.16&#8243; _module_preset=&#8220;default&#8220; width=&#8220;100%&#8220; global_colors_info=&#8220;{}&#8220;][\/et_pb_image][\/et_pb_column][\/et_pb_row][\/et_pb_section][et_pb_section fb_built=&#8220;1&#8243; admin_label=&#8220;Kontakt&#8220; _builder_version=&#8220;4.16&#8243; background_color=&#8220;gcid-08492866-8e06-4bb0-9d42-81b936eebfb0&#8243; use_background_color_gradient=&#8220;on&#8220; background_color_gradient_stops=&#8220;#f6e8cf 0%|#ffffff 100%&#8220; background_color_gradient_start=&#8220;#f6e8cf&#8220; background_color_gradient_end=&#8220;#ffffff&#8220; custom_padding=&#8220;30px|0px|30px|0px||&#8220; global_colors_info=&#8220;{%22gcid-50c54f50-2d2a-4bbd-bde4-e45f40ea57f4%22:%91%93,%22gcid-538d9bf5-0d53-4187-911b-57a8d9e16acb%22:%91%93,%22gcid-38337a81-d11d-447b-b730-348d69a55118%22:%91%22colorStart%22%93,%22gcid-e51528a4-3544-453b-bb14-4632918b6981%22:%91%93,%22gcid-08492866-8e06-4bb0-9d42-81b936eebfb0%22:%91%22background_color%22%93}&#8220;][et_pb_row use_custom_gutter=&#8220;on&#8220; gutter_width=&#8220;2&#8243; custom_padding_last_edited=&#8220;on|desktop&#8220; _builder_version=&#8220;4.16&#8243; custom_padding=&#8220;|||&#8220; custom_padding_tablet=&#8220;0px||0px|&#8220; custom_padding_phone=&#8220;&#8220; locked=&#8220;off&#8220; global_colors_info=&#8220;{}&#8220;][et_pb_column type=&#8220;4_4&#8243; _builder_version=&#8220;4.16&#8243; custom_padding=&#8220;|||&#8220; global_colors_info=&#8220;{}&#8220; custom_padding__hover=&#8220;|||&#8220;][et_pb_text _builder_version=&#8220;4.16&#8243; _module_preset=&#8220;default&#8220; text_font=&#8220;||||||||&#8220; header_font=&#8220;|||on|||||&#8220; header_text_align=&#8220;center&#8220; header_3_font=&#8220;|600||on|||||&#8220; header_3_text_align=&#8220;left&#8220; header_3_text_color=&#8220;gcid-538d9bf5-0d53-4187-911b-57a8d9e16acb&#8220; header_3_font_size=&#8220;36px&#8220; header_3_line_height=&#8220;1.4em&#8220; text_orientation=&#8220;center&#8220; global_colors_info=&#8220;{%22gcid-dd4717c7-ba97-42a2-b764-dc54d8530d84%22:%91%22header_3_text_color%22%93,%22gcid-538d9bf5-0d53-4187-911b-57a8d9e16acb%22:%91%22header_3_text_color%22%93}&#8220;]<\/p>\n<h3><span style=\"color: #e09900;\">Kontakt<\/span><\/h3>\n<p>[\/et_pb_text][et_pb_text _builder_version=&#8220;4.25.2&#8243; _module_preset=&#8220;default&#8220; header_3_font=&#8220;|700||on|||||&#8220; header_3_text_color=&#8220;gcid-dd4717c7-ba97-42a2-b764-dc54d8530d84&#8243; header_4_font=&#8220;|700||on|||||&#8220; header_4_text_color=&#8220;#777777&#8243; header_4_font_size=&#8220;22px&#8220; custom_padding=&#8220;|0px||||&#8220; locked=&#8220;off&#8220; global_colors_info=&#8220;{%22gcid-5045b5df-4d48-4421-92ad-92d11b2e5ca9%22:%91%22header_3_text_color%22%93,%22gcid-08492866-8e06-4bb0-9d42-81b936eebfb0%22:%91%93,%22gcid-e51528a4-3544-453b-bb14-4632918b6981%22:%91%93,%22gcid-dd4717c7-ba97-42a2-b764-dc54d8530d84%22:%91%22header_3_text_color%22,%22header_3_text_color%22%93}&#8220;]<\/p>\n<h4>Bibliothekar:innen<\/h4>\n<p>[\/et_pb_text][et_pb_team_member name=&#8220;Mag.a Silvia Lambert&#8220; position=&#8220;Bibliothekarin&#8220; image_url=&#8220;https:\/\/brghamerling.at\/wp-content\/uploads\/2022\/11\/PK41B094.jpg&#8220; icon_color=&#8220;#44d89e&#8220; _builder_version=&#8220;4.25.2&#8243; header_font=&#8220;Poppins|500|||||||&#8220; header_text_color=&#8220;#486066&#8243; header_font_size=&#8220;18px&#8220; body_font=&#8220;Open Sans||||||||&#8220; body_line_height=&#8220;1.8em&#8220; background_color=&#8220;#ffffff&#8220; text_orientation=&#8220;left&#8220; module_alignment=&#8220;left&#8220; min_height=&#8220;213px&#8220; custom_margin=&#8220;|0px||||&#8220; custom_padding=&#8220;30px|30px|30px|30px&#8220; animation_style=&#8220;fade&#8220; box_shadow_style=&#8220;preset1&#8243; box_shadow_vertical=&#8220;10px&#8220; box_shadow_blur=&#8220;24px&#8220; box_shadow_spread=&#8220;6px&#8220; box_shadow_color=&#8220;rgba(0,0,0,0.06)&#8220; icon_hover_color=&#8220;#353740&#8243; global_colors_info=&#8220;{}&#8220; icon_color__hover=&#8220;#353740&#8243; icon_color__hover_enabled=&#8220;on&#8220;]<\/p>\n<p><span><\/span><a href=\"mailto:silvia.lambert@brghamerling.at\">silvia.lambert@brghamerling.at<\/a><br \/>\u260e (0732) 65 20 62 &#8211; 234<\/p>\n<p>&nbsp;<\/p>\n<p>[\/et_pb_team_member][et_pb_team_member name=&#8220;Jakob Tronegger, BEd&#8220; position=&#8220;Bibliothekar&#8220; image_url=&#8220;https:\/\/brghamerling.at\/wp-content\/uploads\/2024\/10\/Tronegger.jpg&#8220; icon_color=&#8220;#44d89e&#8220; _builder_version=&#8220;4.25.2&#8243; header_font=&#8220;Poppins|500|||||||&#8220; header_text_color=&#8220;#486066&#8243; header_font_size=&#8220;18px&#8220; body_font=&#8220;Open Sans||||||||&#8220; body_line_height=&#8220;1.8em&#8220; background_color=&#8220;#ffffff&#8220; text_orientation=&#8220;left&#8220; module_alignment=&#8220;left&#8220; min_height=&#8220;213px&#8220; custom_margin=&#8220;|0px||||&#8220; custom_padding=&#8220;30px|30px|30px|30px&#8220; animation_style=&#8220;fade&#8220; box_shadow_style=&#8220;preset1&#8243; box_shadow_vertical=&#8220;10px&#8220; box_shadow_blur=&#8220;24px&#8220; box_shadow_spread=&#8220;6px&#8220; box_shadow_color=&#8220;rgba(0,0,0,0.06)&#8220; icon_hover_color=&#8220;#353740&#8243; global_colors_info=&#8220;{}&#8220; icon_color__hover=&#8220;#353740&#8243; icon_color__hover_enabled=&#8220;on&#8220;]<\/p>\n<p><span><\/span><a href=\"mailto:silvia.lambert@brghamerling.at\">jakob.tronegger@brghamerling.at<\/a><br \/>\u260e (0732) 65 20 62 &#8211; 234<\/p>\n<p>&nbsp;<\/p>\n<p>[\/et_pb_team_member][\/et_pb_column][\/et_pb_row][\/et_pb_section][et_pb_section fb_built=&#8220;1&#8243; admin_label=&#8220;Become a Member Section&#8220; _builder_version=&#8220;4.16&#8243; background_color=&#8220;#fafbfc&#8220; use_background_color_gradient=&#8220;on&#8220; background_color_gradient_type=&#8220;circular&#8220; background_color_gradient_direction_radial=&#8220;top left&#8220; background_color_gradient_stops=&#8220;#6aaf2e 0%|#ffffff 0%&#8220; background_color_gradient_start=&#8220;#6aaf2e&#8220; background_color_gradient_end=&#8220;#ffffff&#8220; background_color_gradient_end_position=&#8220;0%&#8220; custom_padding=&#8220;30px|0px|30px|0px||&#8220; global_colors_info=&#8220;{%22gcid-538d9bf5-0d53-4187-911b-57a8d9e16acb%22:%91%22colorStart%22%93}&#8220;][et_pb_row _builder_version=&#8220;4.16&#8243; custom_padding=&#8220;|||&#8220; locked=&#8220;off&#8220; global_colors_info=&#8220;{}&#8220;][et_pb_column type=&#8220;4_4&#8243; _builder_version=&#8220;4.16&#8243; custom_padding=&#8220;|||&#8220; global_colors_info=&#8220;{}&#8220; custom_padding__hover=&#8220;|||&#8220;][et_pb_text _builder_version=&#8220;4.16&#8243; text_font=&#8220;||||||||&#8220; text_text_color=&#8220;gcid-dd4717c7-ba97-42a2-b764-dc54d8530d84&#8243; header_font=&#8220;||||||||&#8220; header_3_font=&#8220;|600||on|||||&#8220; header_3_text_color=&#8220;gcid-538d9bf5-0d53-4187-911b-57a8d9e16acb&#8220; header_3_font_size=&#8220;36px&#8220; header_3_line_height=&#8220;1.4em&#8220; global_colors_info=&#8220;{%22gcid-538d9bf5-0d53-4187-911b-57a8d9e16acb%22:%91%22header_3_text_color%22%93,%22gcid-dd4717c7-ba97-42a2-b764-dc54d8530d84%22:%91%22text_text_color%22%93}&#8220;]<\/p>\n<h3><span style=\"color: #01438b;\">Bibliotheks-ordnung<\/span><\/h3>\n<p>[\/et_pb_text][et_pb_text _builder_version=&#8220;4.16&#8243; text_font=&#8220;Open Sans||||||||&#8220; text_text_color=&#8220;#486066&#8243; text_font_size=&#8220;15px&#8220; text_line_height=&#8220;1.8em&#8220; header_font=&#8220;||||||||&#8220; global_colors_info=&#8220;{}&#8220;]<\/p>\n<p>In der Schulbibliothek kannst du<\/p>\n<blockquote>\n<p>arbeiten<\/p>\n<p>entspannen<\/p>\n<p>Medien entlehnen<\/p>\n<\/blockquote>\n<p><strong><span>Ausleihe<br \/><\/span><\/strong>B\u00fccher k\u00f6nnen drei Wochen, DVDs und Zeitschriften eine Woche lang ausgeborgt werden.<br \/>Verl\u00e4ngerungen sind m\u00f6glich, wenn keine Reservierung vorliegt.<br \/>Entlehnzeiten bitte einhalten &#8211; deine Kolleg\/inn\/en werden es dir danken.<br \/>Behandle die Medien schonend und melde Besch\u00e4digungen!<\/p>\n<blockquote>\n<p><strong>5<\/strong><span>\u00a0<\/span>= Maximale Anzahl von B\u00fcchern ( Zeitschriften ).<br \/><strong>1<\/strong><span>\u00a0<\/span>= Maximale Anzahl von entlehnten DVDs.<\/p>\n<\/blockquote>\n<p>Die Ausleihe ist kostenlos. Du brauchst daf\u00fcr deinen Sch\u00fclerausweis.<br \/>Spiele und Lexika k\u00f6nnen nicht ausgeborgt, aber in der Bibliothek benutzt werden.<\/p>\n<p><strong><span>Regeln<br \/><\/span><\/strong><span>Damit die Bibliothek ein Ort ist, an dem sich alle wohlf\u00fchlen, gelten folgende Regeln:<\/span><\/p>\n<p><span><\/span><\/p>\n<blockquote>\n<p>Laute Unterhaltung, Musik oder das L\u00e4uten von Handys st\u00f6ren andere B\u00fcchereiben\u00fctzer bei der Arbeit.<\/p>\n<p>Schultaschen und Rucks\u00e4cke bitte im Eingangsbereich abstellen.<\/p>\n<p>Essen und Trinken ist in Bibliotheken un\u00fcblich und nicht erlaubt.<\/p>\n<p>Es besteht Hausschuhpflicht.<\/p>\n<p>B\u00fccher bitte richtig zur\u00fcckstellen, sonst wird es schwierig, sich zurechtzufinden. Farbe und Aufschrift am Buchr\u00fccken helfen dabei!<\/p>\n<p>Die Computerarbeitspl\u00e4tze mit Internetzugang sind schulischen Zwecken vorbehalten; sie dienen der Vorbereitung f\u00fcr Pr\u00fcfungen oder Referate, der Medienrecherche und der Erledigung von Haus\u00fcbungen.<\/p>\n<\/blockquote>\n<p>[\/et_pb_text][et_pb_text _builder_version=&#8220;4.16&#8243; _module_preset=&#8220;default&#8220; header_3_font=&#8220;|700||on|||||&#8220; header_3_text_color=&#8220;gcid-dd4717c7-ba97-42a2-b764-dc54d8530d84&#8243; header_4_font=&#8220;|700||on|||||&#8220; header_4_text_color=&#8220;#777777&#8243; header_4_font_size=&#8220;22px&#8220; custom_padding=&#8220;|0px||||&#8220; locked=&#8220;off&#8220; global_colors_info=&#8220;{%22gcid-5045b5df-4d48-4421-92ad-92d11b2e5ca9%22:%91%22header_3_text_color%22%93,%22gcid-08492866-8e06-4bb0-9d42-81b936eebfb0%22:%91%93,%22gcid-e51528a4-3544-453b-bb14-4632918b6981%22:%91%93,%22gcid-dd4717c7-ba97-42a2-b764-dc54d8530d84%22:%91%22header_3_text_color%22,%22header_3_text_color%22%93}&#8220;]<\/p>\n<p><em><strong>Beschlossen vom SGA<\/strong><\/em><\/p>\n<p>[\/et_pb_text][\/et_pb_column][\/et_pb_row][\/et_pb_section]<\/p>\n","protected":false},"excerpt":{"rendered":"<p>NAWIUnsere Schule &gt; BibliothekBibliothekIm Herbst 2012 \u00fcbersiedelte die seit dem Schuljahr 1992\/93 bestehende Schulb\u00fccherei in eine neue, noch attraktivere Umgebung. Der im Zuge des Schulumbaus entstandene lichtdurchflutete Raum in zentraler Lage im Tiefgescho\u00df bietet unseren Sch\u00fclern in moderner und zugleich behaglicher Atmosph\u00e4re die M\u00f6glichkeit, Arbeiten zu erledigen, im reichhaltigen, vielseitigen B\u00fccher- und Zeitschriftenangebot zu schm\u00f6kern [&hellip;]<\/p>\n","protected":false},"author":2,"featured_media":0,"parent":0,"menu_order":0,"comment_status":"closed","ping_status":"closed","template":"","meta":{"_et_pb_use_builder":"on","_et_pb_old_content":"","_et_gb_content_width":"","footnotes":""},"class_list":["post-24728","page","type-page","status-publish","hentry"],"_links":{"self":[{"href":"https:\/\/brghamerling.at\/index.php?rest_route=\/wp\/v2\/pages\/24728","targetHints":{"allow":["GET"]}}],"collection":[{"href":"https:\/\/brghamerling.at\/index.php?rest_route=\/wp\/v2\/pages"}],"about":[{"href":"https:\/\/brghamerling.at\/index.php?rest_route=\/wp\/v2\/types\/page"}],"author":[{"embeddable":true,"href":"https:\/\/brghamerling.at\/index.php?rest_route=\/wp\/v2\/users\/2"}],"replies":[{"embeddable":true,"href":"https:\/\/brghamerling.at\/index.php?rest_route=%2Fwp%2Fv2%2Fcomments&post=24728"}],"version-history":[{"count":31,"href":"https:\/\/brghamerling.at\/index.php?rest_route=\/wp\/v2\/pages\/24728\/revisions"}],"predecessor-version":[{"id":243021,"href":"https:\/\/brghamerling.at\/index.php?rest_route=\/wp\/v2\/pages\/24728\/revisions\/243021"}],"wp:attachment":[{"href":"https:\/\/brghamerling.at\/index.php?rest_route=%2Fwp%2Fv2%2Fmedia&parent=24728"}],"curies":[{"name":"wp","href":"https:\/\/api.w.org\/{rel}","templated":true}]}}