{"id":24734,"date":"2021-07-13T11:16:34","date_gmt":"2021-07-13T11:16:34","guid":{"rendered":"https:\/\/brghamerling.at\/?page_id=24734"},"modified":"2026-02-06T10:56:08","modified_gmt":"2026-02-06T08:56:08","slug":"schuelerberatung","status":"publish","type":"page","link":"https:\/\/brghamerling.at\/?page_id=24734","title":{"rendered":"Sch\u00fclerinnenberatung"},"content":{"rendered":"<p>[et_pb_section fb_built=&#8220;1&#8243; admin_label=&#8220;Header&#8220; _builder_version=&#8220;4.16&#8243; use_background_color_gradient=&#8220;on&#8220; background_color_gradient_direction=&#8220;105deg&#8220; background_color_gradient_stops=&#8220;#eef8fe 0%|#efefef 100%&#8220; background_color_gradient_start=&#8220;#eef8fe&#8220; background_color_gradient_end=&#8220;#efefef&#8220; background_image=&#8220;https:\/\/brghamerling.at\/wp-content\/uploads\/2021\/07\/Schulleitung.jpg&#8220; custom_margin=&#8220;|||&#8220; custom_padding=&#8220;120px|0px|90px|0px||&#8220; locked=&#8220;off&#8220; global_colors_info=&#8220;{}&#8220;][et_pb_row _builder_version=&#8220;4.16&#8243; global_colors_info=&#8220;{}&#8220;][et_pb_column type=&#8220;4_4&#8243; _builder_version=&#8220;4.16&#8243; custom_padding=&#8220;|||&#8220; global_colors_info=&#8220;{}&#8220; custom_padding__hover=&#8220;|||&#8220;][et_pb_text disabled_on=&#8220;on|on|on&#8220; _builder_version=&#8220;4.16&#8243; text_font=&#8220;Poppins||||||||&#8220; text_text_color=&#8220;rgba(255,255,255,0.8)&#8220; text_font_size=&#8220;18px&#8220; text_line_height=&#8220;1.8em&#8220; header_font=&#8220;Poppins|600|||||||&#8220; header_text_color=&#8220;#ffffff&#8220; header_font_size=&#8220;48px&#8220; header_line_height=&#8220;1.4em&#8220; header_3_font=&#8220;Poppins|600|||||||&#8220; header_3_font_size=&#8220;36px&#8220; header_3_line_height=&#8220;1.4em&#8220; background_layout=&#8220;dark&#8220; max_width=&#8220;600px&#8220; module_alignment=&#8220;left&#8220; custom_margin=&#8220;|||&#8220; custom_padding=&#8220;||0px|||&#8220; disabled=&#8220;on&#8220; global_colors_info=&#8220;{}&#8220;]<\/p>\n<h1>Schulleitung<\/h1>\n<p>[\/et_pb_text][\/et_pb_column][\/et_pb_row][\/et_pb_section][et_pb_section fb_built=&#8220;1&#8243; admin_label=&#8220;Kontakt&#8220; _builder_version=&#8220;4.16&#8243; background_color=&#8220;gcid-dd4717c7-ba97-42a2-b764-dc54d8530d84&#8243; min_height=&#8220;20px&#8220; max_height=&#8220;20px&#8220; custom_padding=&#8220;30px|0px|0px|0px||&#8220; global_colors_info=&#8220;{%22gcid-50c54f50-2d2a-4bbd-bde4-e45f40ea57f4%22:%91%22colorStart%22%93,%22gcid-538d9bf5-0d53-4187-911b-57a8d9e16acb%22:%91%93,%22gcid-38337a81-d11d-447b-b730-348d69a55118%22:%91%93,%22gcid-8005e58a-8651-4089-b393-62238b769e8a%22:%91%93,%22gcid-b22dac8f-8f35-4759-80af-8b5eefab8668%22:%91%93,%22gcid-dd4717c7-ba97-42a2-b764-dc54d8530d84%22:%91%22background_color%22%93}&#8220;][\/et_pb_section][et_pb_section fb_built=&#8220;1&#8243; admin_label=&#8220;Inhalt&#8220; _builder_version=&#8220;4.16&#8243; background_color=&#8220;#fafbfc&#8220; custom_padding=&#8220;30px|0px|110px|0px||&#8220; global_colors_info=&#8220;{}&#8220;][et_pb_row use_custom_gutter=&#8220;on&#8220; gutter_width=&#8220;2&#8243; custom_padding_last_edited=&#8220;on|desktop&#8220; _builder_version=&#8220;4.16&#8243; custom_padding=&#8220;|||&#8220; custom_padding_tablet=&#8220;0px||0px|&#8220; custom_padding_phone=&#8220;&#8220; locked=&#8220;off&#8220; global_colors_info=&#8220;{}&#8220;][et_pb_column type=&#8220;4_4&#8243; _builder_version=&#8220;4.16&#8243; custom_padding=&#8220;|||&#8220; global_colors_info=&#8220;{}&#8220; custom_padding__hover=&#8220;|||&#8220;][et_pb_text _builder_version=&#8220;4.16&#8243; text_font=&#8220;||||||||&#8220; header_font=&#8220;||||||||&#8220; header_2_font=&#8220;Poppins|500||on|||||&#8220; header_2_text_color=&#8220;rgba(0,0,0,0.2)&#8220; header_2_font_size=&#8220;16px&#8220; header_2_letter_spacing=&#8220;1px&#8220; header_2_line_height=&#8220;1.3em&#8220; custom_margin=&#8220;||20px|&#8220; saved_tabs=&#8220;all&#8220; locked=&#8220;off&#8220; global_colors_info=&#8220;{}&#8220;]<\/p>\n<h2>PERSONEN > SCH\u00dcLERINNENBERATUNG<\/h2>\n<p>[\/et_pb_text][et_pb_text _builder_version=&#8220;4.16&#8243; _module_preset=&#8220;default&#8220; text_font=&#8220;||||||||&#8220; header_font=&#8220;|||on|||||&#8220; header_text_align=&#8220;center&#8220; header_3_font=&#8220;Poppins|600||on|||||&#8220; header_3_text_align=&#8220;left&#8220; header_3_text_color=&#8220;gcid-dd4717c7-ba97-42a2-b764-dc54d8530d84&#8243; header_3_font_size=&#8220;36px&#8220; header_3_line_height=&#8220;1.4em&#8220; text_orientation=&#8220;center&#8220; global_colors_info=&#8220;{%22gcid-dd4717c7-ba97-42a2-b764-dc54d8530d84%22:%91%22header_3_text_color%22,%22header_3_text_color%22%93}&#8220;]<\/p>\n<h3>Sch\u00dcLERINNENBERATUNG<\/h3>\n<p>[\/et_pb_text][et_pb_text _builder_version=&#8220;4.16&#8243; _module_preset=&#8220;default&#8220; header_3_font=&#8220;|700||on|||||&#8220; header_3_text_color=&#8220;gcid-dd4717c7-ba97-42a2-b764-dc54d8530d84&#8243; header_4_font=&#8220;|700||on|||||&#8220; header_4_text_color=&#8220;#777777&#8243; header_4_font_size=&#8220;22px&#8220; custom_padding=&#8220;|0px||||&#8220; locked=&#8220;off&#8220; global_colors_info=&#8220;{%22gcid-5045b5df-4d48-4421-92ad-92d11b2e5ca9%22:%91%22header_3_text_color%22%93,%22gcid-08492866-8e06-4bb0-9d42-81b936eebfb0%22:%91%93,%22gcid-e51528a4-3544-453b-bb14-4632918b6981%22:%91%93,%22gcid-dd4717c7-ba97-42a2-b764-dc54d8530d84%22:%91%22header_3_text_color%22,%22header_3_text_color%22%93}&#8220;]<\/p>\n<h4>Bildungsberaterin<\/h4>\n<p>[\/et_pb_text][et_pb_team_member name=&#8220;Mag.a Johanna Kneifl&#8220; position=&#8220;Bildungsberaterin&#8220; image_url=&#8220;https:\/\/brghamerling.at\/wp-content\/uploads\/2024\/10\/Kneifl.jpg&#8220; icon_color=&#8220;#44d89e&#8220; _builder_version=&#8220;4.25.2&#8243; header_font=&#8220;Poppins|500|||||||&#8220; header_text_color=&#8220;#486066&#8243; header_font_size=&#8220;18px&#8220; body_font=&#8220;Open Sans||||||||&#8220; body_line_height=&#8220;1.8em&#8220; background_color=&#8220;#ffffff&#8220; text_orientation=&#8220;left&#8220; module_alignment=&#8220;left&#8220; min_height=&#8220;213px&#8220; custom_margin=&#8220;|0px||||&#8220; custom_padding=&#8220;30px|30px|30px|30px&#8220; animation_style=&#8220;fade&#8220; box_shadow_style=&#8220;preset1&#8243; box_shadow_vertical=&#8220;10px&#8220; box_shadow_blur=&#8220;24px&#8220; box_shadow_spread=&#8220;6px&#8220; box_shadow_color=&#8220;rgba(0,0,0,0.06)&#8220; icon_hover_color=&#8220;#353740&#8243; global_colors_info=&#8220;{}&#8220; icon_color__hover=&#8220;#353740&#8243; icon_color__hover_enabled=&#8220;on&#8220;]<\/p>\n<p><span><\/span><a href=\"mailto:johanna.kneifl@brghamerling.at\">johanna.kneifl@brghamerling.at<\/a><br \/>\u260e (0732) 65 20 62 &#8211; 0<\/p>\n<p>Um Voranmeldung im Sekretariat wird gebeten.<\/p>\n<p>[\/et_pb_team_member][et_pb_text _builder_version=&#8220;4.16&#8243; _module_preset=&#8220;default&#8220; header_3_font=&#8220;|700||on|||||&#8220; header_3_text_color=&#8220;gcid-dd4717c7-ba97-42a2-b764-dc54d8530d84&#8243; header_4_font=&#8220;|700||on|||||&#8220; header_4_text_color=&#8220;#777777&#8243; header_4_font_size=&#8220;22px&#8220; locked=&#8220;off&#8220; global_colors_info=&#8220;{%22gcid-5045b5df-4d48-4421-92ad-92d11b2e5ca9%22:%91%22header_3_text_color%22%93,%22gcid-08492866-8e06-4bb0-9d42-81b936eebfb0%22:%91%93,%22gcid-e51528a4-3544-453b-bb14-4632918b6981%22:%91%93,%22gcid-dd4717c7-ba97-42a2-b764-dc54d8530d84%22:%91%22header_3_text_color%22,%22header_3_text_color%22%93}&#8220;]<\/p>\n<h4><\/h4>\n<h4><\/h4>\n<h4>Bildungsberater<\/h4>\n<p>[\/et_pb_text][et_pb_team_member name=&#8220;Mag. Sebastian Kranzlm\u00fcller&#8220; position=&#8220;Bildungsberater&#8220; image_url=&#8220;https:\/\/brghamerling.at\/wp-content\/uploads\/2024\/10\/Kranzlmueller.jpg&#8220; icon_color=&#8220;#44d89e&#8220; _builder_version=&#8220;4.25.2&#8243; header_font=&#8220;Poppins|500|||||||&#8220; header_text_color=&#8220;#486066&#8243; header_font_size=&#8220;18px&#8220; body_font=&#8220;Open Sans||||||||&#8220; body_line_height=&#8220;1.8em&#8220; background_color=&#8220;#ffffff&#8220; text_orientation=&#8220;left&#8220; module_alignment=&#8220;left&#8220; min_height=&#8220;213px&#8220; custom_margin=&#8220;|0px||||&#8220; custom_padding=&#8220;30px|30px|30px|30px&#8220; animation_style=&#8220;fade&#8220; box_shadow_style=&#8220;preset1&#8243; box_shadow_vertical=&#8220;10px&#8220; box_shadow_blur=&#8220;24px&#8220; box_shadow_spread=&#8220;6px&#8220; box_shadow_color=&#8220;rgba(0,0,0,0.06)&#8220; icon_hover_color=&#8220;#353740&#8243; global_colors_info=&#8220;{}&#8220; icon_color__hover=&#8220;#353740&#8243; icon_color__hover_enabled=&#8220;on&#8220;]<\/p>\n<p><a href=\"mailto:andreas.dunzendorfer@brghamerling.at\">sebastian.kranzlmueller@brghamerling.at<\/a><br \/>\u260e (0732) 65 20 62 &#8211; 0<\/p>\n<p>Um Voranmeldung im Sekretariat wird gebeten.<\/p>\n<p>[\/et_pb_team_member][et_pb_text _builder_version=&#8220;4.24.1&#8243; _module_preset=&#8220;default&#8220; text_font=&#8220;||||||||&#8220; header_font=&#8220;|||on|||||&#8220; header_text_align=&#8220;center&#8220; header_3_font=&#8220;Poppins|600||on|||||&#8220; header_3_text_align=&#8220;left&#8220; header_3_text_color=&#8220;gcid-dd4717c7-ba97-42a2-b764-dc54d8530d84&#8243; header_3_font_size=&#8220;36px&#8220; header_3_line_height=&#8220;1.4em&#8220; text_orientation=&#8220;center&#8220; global_colors_info=&#8220;{%22gcid-dd4717c7-ba97-42a2-b764-dc54d8530d84%22:%91%22header_3_text_color%22,%22header_3_text_color%22%93}&#8220;]<\/p>\n<h3>\u201ePsychotherapeutische Beratung in der Schule\u201c.<\/h3>\n<p><img loading=\"lazy\" decoding=\"async\" src=\"https:\/\/brghamerling.at\/wp-content\/uploads\/2024\/02\/Signatur_fit4school-300x82.jpg\" alt=\"\" class=\"wp-image-241838 alignnone size-medium\" width=\"300\" height=\"82\" \/><\/p>\n<p>[\/et_pb_text][et_pb_team_member name=&#8220;Mag.a Maria Laglstorfer&#8220; image_url=&#8220;https:\/\/brghamerling.at\/wp-content\/uploads\/2024\/10\/Laglstorfer.jpg&#8220; icon_color=&#8220;#44d89e&#8220; _builder_version=&#8220;4.27.4&#8243; header_font=&#8220;Poppins|500|||||||&#8220; header_text_color=&#8220;#486066&#8243; header_font_size=&#8220;18px&#8220; body_font=&#8220;Open Sans||||||||&#8220; body_line_height=&#8220;1.8em&#8220; background_color=&#8220;#ffffff&#8220; text_orientation=&#8220;left&#8220; module_alignment=&#8220;left&#8220; min_height=&#8220;213px&#8220; custom_margin=&#8220;|0px||||&#8220; custom_padding=&#8220;30px|30px|30px|30px&#8220; animation_style=&#8220;fade&#8220; link_option_url=&#8220;herta.wimberger@brghamerling.at&#8220; box_shadow_style=&#8220;preset1&#8243; box_shadow_vertical=&#8220;10px&#8220; box_shadow_blur=&#8220;24px&#8220; box_shadow_spread=&#8220;6px&#8220; box_shadow_color=&#8220;rgba(0,0,0,0.06)&#8220; icon_hover_color=&#8220;#353740&#8243; global_colors_info=&#8220;{}&#8220; icon_color__hover=&#8220;#353740&#8243; icon_color__hover_enabled=&#8220;on&#8220;]<\/p>\n<p><span>Schulpsychotherapeutin<br \/><\/span><\/p>\n<p><span><\/span><\/p>\n<p>Beratungstermin:<\/p>\n<p><strong>jeweils am Donnerstag <strong>von 10:00 bis 11:45 Uhr<br \/><\/strong><\/strong><\/p>\n<p>Ausnahme: 02.10.25<\/p>\n<p><a href=\"mailto:maria.laglstorfer@brghamerling.at\">maria.laglstorfer@brghamerling.at<\/a><\/p>\n<p><strong>\u00a0<\/strong><\/p>\n<p>[\/et_pb_team_member][et_pb_text disabled_on=&#8220;on|on|on&#8220; _builder_version=&#8220;4.19.0&#8243; _module_preset=&#8220;default&#8220; text_font=&#8220;||||||||&#8220; header_font=&#8220;|||on|||||&#8220; header_text_align=&#8220;center&#8220; header_3_font=&#8220;Poppins|600||on|||||&#8220; header_3_text_align=&#8220;left&#8220; header_3_text_color=&#8220;gcid-dd4717c7-ba97-42a2-b764-dc54d8530d84&#8243; header_3_font_size=&#8220;36px&#8220; header_3_line_height=&#8220;1.4em&#8220; text_orientation=&#8220;center&#8220; disabled=&#8220;on&#8220; global_colors_info=&#8220;{%22gcid-dd4717c7-ba97-42a2-b764-dc54d8530d84%22:%91%22header_3_text_color%22,%22header_3_text_color%22%93}&#8220;]<\/p>\n<h3>Schulpsychologe <\/h3>\n<p>[\/et_pb_text][et_pb_team_member name=&#8220;Simon Obereder&#8220; image_url=&#8220;https:\/\/brghamerling.at\/wp-content\/uploads\/2025\/09\/Obereder.jpg&#8220; icon_color=&#8220;#44d89e&#8220; disabled_on=&#8220;off|off|off&#8220; _builder_version=&#8220;4.27.4&#8243; header_font=&#8220;Poppins|500|||||||&#8220; header_text_color=&#8220;#486066&#8243; header_font_size=&#8220;18px&#8220; body_font=&#8220;Open Sans||||||||&#8220; body_line_height=&#8220;1.8em&#8220; background_color=&#8220;#ffffff&#8220; text_orientation=&#8220;left&#8220; module_alignment=&#8220;left&#8220; min_height=&#8220;213px&#8220; custom_margin=&#8220;|0px||||&#8220; custom_padding=&#8220;30px|30px|30px|30px&#8220; animation_style=&#8220;fade&#8220; link_option_url=&#8220;herta.wimberger@brghamerling.at&#8220; box_shadow_style=&#8220;preset1&#8243; box_shadow_vertical=&#8220;10px&#8220; box_shadow_blur=&#8220;24px&#8220; box_shadow_spread=&#8220;6px&#8220; box_shadow_color=&#8220;rgba(0,0,0,0.06)&#8220; icon_hover_color=&#8220;#353740&#8243; global_colors_info=&#8220;{}&#8220; icon_color__hover=&#8220;#353740&#8243; icon_color__hover_enabled=&#8220;on&#8220;]<\/p>\n<p>Schulpsychologe<\/p>\n<p>ich stehe euch \/ Ihnen im SJ 2025\/26 (2. Semester) an den folgenden Terminen<strong><\/strong><strong><\/strong><strong><\/strong><strong><\/strong><strong><\/strong><strong><\/strong><strong><\/strong><\/p>\n<p><strong>Montag, 02.03.2026<br \/>Montag, 13.04.2026<br \/>Montag, 11.05.2026<br \/>Montag, 15.06.2026<\/strong><\/p>\n<p><strong>jeweils von 08:00 bis 11:00 Uhr <\/strong><\/p>\n<p>direkt an der Schule f\u00fcr psychologische Beratungen zur Seite. Ich bin da f\u00fcr die Anliegen von Sch\u00fclerinnen und Sch\u00fclern, Eltern \/ Erziehungsberechtigte sowie Lehrerinnen und Lehrern und berate euch \/ Sie zu allen Themen rund um den Lebensbereich Schule, aber auch bei pers\u00f6nlichen Themen und Anliegen.<\/p>\n<p><strong>Anmeldung f\u00fcr die Sprechtage bitte per Mail an: <a class=\"mail-link\" href=\"mailto:Simon.Obereder@bildung-ooe.gv.at\">Simon.Obereder@bildung-ooe.gv.at<\/a><\/strong><\/p>\n<p>[\/et_pb_team_member][et_pb_text _builder_version=&#8220;4.19.0&#8243; _module_preset=&#8220;default&#8220; text_font=&#8220;||||||||&#8220; header_font=&#8220;|||on|||||&#8220; header_text_align=&#8220;center&#8220; header_3_font=&#8220;Poppins|600||on|||||&#8220; header_3_text_align=&#8220;left&#8220; header_3_text_color=&#8220;gcid-dd4717c7-ba97-42a2-b764-dc54d8530d84&#8243; header_3_font_size=&#8220;36px&#8220; header_3_line_height=&#8220;1.4em&#8220; text_orientation=&#8220;center&#8220; global_colors_info=&#8220;{%22gcid-dd4717c7-ba97-42a2-b764-dc54d8530d84%22:%91%22header_3_text_color%22,%22header_3_text_color%22%93}&#8220;]<\/p>\n<h3>Jugendcoaching<\/h3>\n<p>[\/et_pb_text][et_pb_team_member name=&#8220;Ufuk FEIFER&#8220; image_url=&#8220;https:\/\/brghamerling.at\/wp-content\/uploads\/2024\/10\/FEIFER-Ufuk.jpg&#8220; icon_color=&#8220;#44d89e&#8220; _builder_version=&#8220;4.25.2&#8243; header_font=&#8220;Poppins|500|||||||&#8220; header_text_color=&#8220;#486066&#8243; header_font_size=&#8220;18px&#8220; body_font=&#8220;Open Sans||||||||&#8220; body_line_height=&#8220;1.8em&#8220; background_color=&#8220;#ffffff&#8220; text_orientation=&#8220;left&#8220; module_alignment=&#8220;left&#8220; min_height=&#8220;213px&#8220; custom_margin=&#8220;|0px||||&#8220; custom_padding=&#8220;30px|30px|30px|30px&#8220; animation_style=&#8220;fade&#8220; link_option_url=&#8220;herta.wimberger@brghamerling.at&#8220; box_shadow_style=&#8220;preset1&#8243; box_shadow_vertical=&#8220;10px&#8220; box_shadow_blur=&#8220;24px&#8220; box_shadow_spread=&#8220;6px&#8220; box_shadow_color=&#8220;rgba(0,0,0,0.06)&#8220; icon_hover_color=&#8220;#353740&#8243; global_colors_info=&#8220;{}&#8220; icon_color__hover=&#8220;#353740&#8243; icon_color__hover_enabled=&#8220;on&#8220;]<\/p>\n<p>Coaching f\u00fcr einen erfolgreichen Schulabschluss!<\/p>\n<p>Je fr\u00fcher du Unterst\u00fctzung holst, desto schneller wirst du<br \/>dich wieder gut f\u00fchlen und deinen Ausbildungsweg<br \/>erfolgreich fortsetzen.<\/p>\n<p>Kontakt: <a href=\"mailto:gabriela.hochrathner@bfi-ooe.at\"><span style=\"color: #000000; font-family: 'Segoe UI', 'Segoe UI Web (West European)', -apple-system, BlinkMacSystemFont, Roboto, 'Helvetica Neue', sans-serif; font-size: 14.6667px; font-style: normal; font-variant-ligatures: normal; font-variant-caps: normal; font-weight: 400; letter-spacing: normal; orphans: 2; text-align: start; text-indent: 0px; text-transform: none; widows: 2; word-spacing: 0px; -webkit-text-stroke-width: 0px; white-space: normal; background-color: #ffffff; text-decoration-thickness: initial; text-decoration-style: initial; text-decoration-color: initial; display: inline !important; float: none;\">ufuk.feifer@bfi-ooe.at<\/span><\/a><\/p>\n<p>weitere Infos zum Jugendcoaching: <a href=\"https:\/\/brghamerling.at\/wp-content\/uploads\/2024\/09\/Info-fuer-Homepage_Jugendcoach.pdf\" target=\"_blank\" rel=\"noopener\">Link<\/a><\/p>\n<p>[\/et_pb_team_member][\/et_pb_column][\/et_pb_row][\/et_pb_section]<\/p>\n","protected":false},"excerpt":{"rendered":"<p>SchulleitungPERSONEN > SCH\u00dcLERINNENBERATUNGSch\u00dcLERINNENBERATUNGBildungsberaterinjohanna.kneifl@brghamerling.at\u260e (0732) 65 20 62 &#8211; 0 Um Voranmeldung im Sekretariat wird gebeten. Bildungsberatersebastian.kranzlmueller@brghamerling.at\u260e (0732) 65 20 62 &#8211; 0 Um Voranmeldung im Sekretariat wird gebeten.\u201ePsychotherapeutische Beratung in der Schule\u201c. Schulpsychotherapeutin Beratungstermin: jeweils am Donnerstag von 10:00 bis 11:45 Uhr Ausnahme: 02.10.25 maria.laglstorfer@brghamerling.at \u00a0Schulpsychologe Schulpsychologe ich stehe euch \/ Ihnen im SJ 2025\/26 [&hellip;]<\/p>\n","protected":false},"author":2,"featured_media":0,"parent":0,"menu_order":0,"comment_status":"closed","ping_status":"closed","template":"","meta":{"_et_pb_use_builder":"on","_et_pb_old_content":"","_et_gb_content_width":"","footnotes":""},"class_list":["post-24734","page","type-page","status-publish","hentry"],"_links":{"self":[{"href":"https:\/\/brghamerling.at\/index.php?rest_route=\/wp\/v2\/pages\/24734","targetHints":{"allow":["GET"]}}],"collection":[{"href":"https:\/\/brghamerling.at\/index.php?rest_route=\/wp\/v2\/pages"}],"about":[{"href":"https:\/\/brghamerling.at\/index.php?rest_route=\/wp\/v2\/types\/page"}],"author":[{"embeddable":true,"href":"https:\/\/brghamerling.at\/index.php?rest_route=\/wp\/v2\/users\/2"}],"replies":[{"embeddable":true,"href":"https:\/\/brghamerling.at\/index.php?rest_route=%2Fwp%2Fv2%2Fcomments&post=24734"}],"version-history":[{"count":51,"href":"https:\/\/brghamerling.at\/index.php?rest_route=\/wp\/v2\/pages\/24734\/revisions"}],"predecessor-version":[{"id":243273,"href":"https:\/\/brghamerling.at\/index.php?rest_route=\/wp\/v2\/pages\/24734\/revisions\/243273"}],"wp:attachment":[{"href":"https:\/\/brghamerling.at\/index.php?rest_route=%2Fwp%2Fv2%2Fmedia&parent=24734"}],"curies":[{"name":"wp","href":"https:\/\/api.w.org\/{rel}","templated":true}]}}