{"id":24738,"date":"2021-07-13T11:16:34","date_gmt":"2021-07-13T11:16:34","guid":{"rendered":"https:\/\/brghamerling.at\/?page_id=24738"},"modified":"2024-11-26T16:25:45","modified_gmt":"2024-11-26T14:25:45","slug":"cool","status":"publish","type":"page","link":"https:\/\/brghamerling.at\/?page_id=24738","title":{"rendered":"COOL"},"content":{"rendered":"<p>[et_pb_section fb_built=&#8220;1&#8243; admin_label=&#8220;Header&#8220; _builder_version=&#8220;4.16&#8243; use_background_color_gradient=&#8220;on&#8220; background_color_gradient_direction=&#8220;105deg&#8220; background_color_gradient_stops=&#8220;#eef8fe 0%|#efefef 100%&#8220; background_color_gradient_start=&#8220;#eef8fe&#8220; background_color_gradient_end=&#8220;#efefef&#8220; background_image=&#8220;https:\/\/brghamerling.at\/wp-content\/uploads\/2021\/07\/COOL-head.png&#8220; custom_margin=&#8220;|||&#8220; custom_padding=&#8220;120px|0px|120px|0px||&#8220; filter_saturate=&#8220;72%&#8220; filter_brightness=&#8220;113%&#8220; filter_sepia=&#8220;48%&#8220; locked=&#8220;off&#8220; global_colors_info=&#8220;{}&#8220;][et_pb_row _builder_version=&#8220;4.16&#8243; global_colors_info=&#8220;{}&#8220;][et_pb_column type=&#8220;4_4&#8243; _builder_version=&#8220;4.16&#8243; custom_padding=&#8220;|||&#8220; global_colors_info=&#8220;{}&#8220; custom_padding__hover=&#8220;|||&#8220;][et_pb_text disabled_on=&#8220;on|on|on&#8220; _builder_version=&#8220;4.16&#8243; text_font=&#8220;Poppins||||||||&#8220; text_text_color=&#8220;rgba(255,255,255,0.8)&#8220; text_font_size=&#8220;18px&#8220; text_line_height=&#8220;1.8em&#8220; header_font=&#8220;Poppins|600|||||||&#8220; header_text_color=&#8220;#ffffff&#8220; header_font_size=&#8220;48px&#8220; header_line_height=&#8220;1.4em&#8220; header_3_font=&#8220;Poppins|600|||||||&#8220; header_3_font_size=&#8220;36px&#8220; header_3_line_height=&#8220;1.4em&#8220; background_layout=&#8220;dark&#8220; max_width=&#8220;600px&#8220; module_alignment=&#8220;left&#8220; custom_margin=&#8220;|||&#8220; custom_padding=&#8220;||0px|||&#8220; disabled=&#8220;on&#8220; global_colors_info=&#8220;{}&#8220;][\/et_pb_text][\/et_pb_column][\/et_pb_row][\/et_pb_section][et_pb_section fb_built=&#8220;1&#8243; admin_label=&#8220;Kontakt&#8220; _builder_version=&#8220;4.16&#8243; background_color=&#8220;gcid-599b33b5-ee3f-4053-b427-11260c3e32c0&#8243; min_height=&#8220;20px&#8220; max_height=&#8220;20px&#8220; custom_padding=&#8220;30px|0px|0px|0px||&#8220; global_colors_info=&#8220;{%22gcid-50c54f50-2d2a-4bbd-bde4-e45f40ea57f4%22:%91%22colorStart%22%93,%22gcid-538d9bf5-0d53-4187-911b-57a8d9e16acb%22:%91%93,%22gcid-38337a81-d11d-447b-b730-348d69a55118%22:%91%93,%22gcid-527fcadb-c04a-48e6-8d8d-1eb41e44b3ba%22:%91%93,%22gcid-599b33b5-ee3f-4053-b427-11260c3e32c0%22:%91%22background_color%22%93}&#8220;][\/et_pb_section][et_pb_section fb_built=&#8220;1&#8243; admin_label=&#8220;Become a Member Section&#8220; _builder_version=&#8220;4.16&#8243; background_color=&#8220;#fafbfc&#8220; use_background_color_gradient=&#8220;on&#8220; background_color_gradient_type=&#8220;circular&#8220; background_color_gradient_direction_radial=&#8220;top left&#8220; background_color_gradient_stops=&#8220;#6aaf2e 0%|#ffffff 0%&#8220; background_color_gradient_start=&#8220;#6aaf2e&#8220; background_color_gradient_end=&#8220;#ffffff&#8220; background_color_gradient_end_position=&#8220;0%&#8220; custom_padding=&#8220;30px|0px|30px|0px||&#8220; global_colors_info=&#8220;{%22gcid-538d9bf5-0d53-4187-911b-57a8d9e16acb%22:%91%22colorStart%22%93}&#8220;][et_pb_row column_structure=&#8220;1_2,1_2&#8243; _builder_version=&#8220;4.16&#8243; custom_padding=&#8220;|||&#8220; locked=&#8220;off&#8220; global_colors_info=&#8220;{}&#8220;][et_pb_column type=&#8220;1_2&#8243; _builder_version=&#8220;4.16&#8243; custom_padding=&#8220;|||&#8220; global_colors_info=&#8220;{}&#8220; custom_padding__hover=&#8220;|||&#8220;][et_pb_text _builder_version=&#8220;4.16&#8243; text_font=&#8220;||||||||&#8220; header_font=&#8220;||||||||&#8220; header_2_font=&#8220;Poppins|500||on|||||&#8220; header_2_text_color=&#8220;rgba(0,0,0,0.2)&#8220; header_2_font_size=&#8220;16px&#8220; header_2_letter_spacing=&#8220;1px&#8220; header_2_line_height=&#8220;1.3em&#8220; custom_margin=&#8220;||20px|&#8220; saved_tabs=&#8220;all&#8220; locked=&#8220;off&#8220; global_colors_info=&#8220;{}&#8220;]<\/p>\n<h2>Bildungsangebot &gt; Zweige<\/h2>\n<p>[\/et_pb_text][et_pb_image src=&#8220;https:\/\/brghamerling.at\/wp-content\/uploads\/2022\/01\/COOL-Pixel.png&#8220; title_text=&#8220;COOL-Pixel&#8220; _builder_version=&#8220;4.16&#8243; _module_preset=&#8220;default&#8220; global_colors_info=&#8220;{}&#8220;][\/et_pb_image][et_pb_image src=&#8220;https:\/\/brghamerling.at\/wp-content\/uploads\/2022\/01\/COOL-TEXT-Pixel.png&#8220; title_text=&#8220;COOL-TEXT-Pixel&#8220; _builder_version=&#8220;4.16&#8243; _module_preset=&#8220;default&#8220; global_colors_info=&#8220;{}&#8220;][\/et_pb_image][et_pb_text _builder_version=&#8220;4.16&#8243; text_font=&#8220;||||||||&#8220; header_font=&#8220;||||||||&#8220; header_2_font=&#8220;Poppins|500||on|||||&#8220; header_2_text_color=&#8220;rgba(0,0,0,0.2)&#8220; header_2_font_size=&#8220;16px&#8220; header_2_letter_spacing=&#8220;1px&#8220; header_2_line_height=&#8220;1.3em&#8220; custom_margin=&#8220;||20px|&#8220; saved_tabs=&#8220;all&#8220; locked=&#8220;off&#8220; global_colors_info=&#8220;{}&#8220;]<\/p>\n<h2>UNTERSTUFE<\/h2>\n<p>[\/et_pb_text][et_pb_text _builder_version=&#8220;4.16&#8243; text_font=&#8220;Open Sans||||||||&#8220; text_text_color=&#8220;#486066&#8243; text_font_size=&#8220;15px&#8220; text_line_height=&#8220;1.8em&#8220; header_font=&#8220;||||||||&#8220; global_colors_info=&#8220;{}&#8220;]<\/p>\n<p><em>&#8222;BILDUNG IST WACHSTUM. BILDUNG IST KEINE VORBEREITUNG AUF DAS LEBEN, SONDERN DAS LEBEN SELBST.&#8220; <\/em><\/p>\n<p><em>(JOHN DEWEY) <\/em><\/p>\n<p>[\/et_pb_text][\/et_pb_column][et_pb_column type=&#8220;1_2&#8243; _builder_version=&#8220;4.16&#8243; custom_padding=&#8220;|||&#8220; global_colors_info=&#8220;{}&#8220; custom_padding__hover=&#8220;|||&#8220;][\/et_pb_column][\/et_pb_row][et_pb_row _builder_version=&#8220;4.16&#8243; _module_preset=&#8220;default&#8220; global_colors_info=&#8220;{}&#8220;][et_pb_column type=&#8220;4_4&#8243; _builder_version=&#8220;4.16&#8243; _module_preset=&#8220;default&#8220; global_colors_info=&#8220;{}&#8220;][et_pb_text _builder_version=&#8220;4.16&#8243; _module_preset=&#8220;default&#8220; header_3_font=&#8220;|700||on|||||&#8220; header_3_text_color=&#8220;gcid-dd4717c7-ba97-42a2-b764-dc54d8530d84&#8243; header_4_font=&#8220;|700||on|||||&#8220; header_4_text_color=&#8220;#777777&#8243; header_4_font_size=&#8220;22px&#8220; custom_padding=&#8220;|0px||||&#8220; locked=&#8220;off&#8220; global_colors_info=&#8220;{%22gcid-5045b5df-4d48-4421-92ad-92d11b2e5ca9%22:%91%22header_3_text_color%22%93,%22gcid-08492866-8e06-4bb0-9d42-81b936eebfb0%22:%91%93,%22gcid-e51528a4-3544-453b-bb14-4632918b6981%22:%91%93,%22gcid-dd4717c7-ba97-42a2-b764-dc54d8530d84%22:%91%22header_3_text_color%22,%22header_3_text_color%22%93}&#8220;]<\/p>\n<h4>Was wir bieten<\/h4>\n<p>[\/et_pb_text][\/et_pb_column][\/et_pb_row][et_pb_row column_structure=&#8220;1_2,1_2&#8243; use_custom_gutter=&#8220;on&#8220; gutter_width=&#8220;2&#8243; column_padding_mobile=&#8220;on&#8220; custom_padding_last_edited=&#8220;on|phone&#8220; _builder_version=&#8220;4.16&#8243; background_size=&#8220;initial&#8220; background_position=&#8220;top_left&#8220; background_repeat=&#8220;repeat&#8220; custom_padding=&#8220;|||&#8220; custom_padding_tablet=&#8220;49px|||&#8220; custom_padding_phone=&#8220;19px|||&#8220; global_colors_info=&#8220;{}&#8220;][et_pb_column type=&#8220;1_2&#8243; _builder_version=&#8220;4.16&#8243; custom_padding=&#8220;|||&#8220; global_colors_info=&#8220;{}&#8220; custom_padding__hover=&#8220;|||&#8220;][et_pb_blurb title=&#8220;COOL bedeutet %22Kooperatives Offenes Lernen%22&#8243; use_icon=&#8220;on&#8220; font_icon=&#8220;&#xe08b;||divi||400&#8243; icon_color=&#8220;gcid-599b33b5-ee3f-4053-b427-11260c3e32c0&#8243; image_icon_width=&#8220;60px&#8220; admin_label=&#8220;Class&#8220; _builder_version=&#8220;4.16&#8243; header_font=&#8220;Poppins|600|||||||&#8220; header_text_align=&#8220;center&#8220; header_text_color=&#8220;#486066&#8243; header_font_size=&#8220;18px&#8220; header_line_height=&#8220;1.3em&#8220; body_font=&#8220;Open Sans||||||||&#8220; body_text_align=&#8220;center&#8220; body_text_color=&#8220;#486066&#8243; body_line_height=&#8220;1.8em&#8220; background_color=&#8220;#f7f2e9&#8243; custom_margin=&#8220;|||&#8220; custom_padding=&#8220;40px|30px|40px|30px||&#8220; animation_style=&#8220;fade&#8220; animation=&#8220;off&#8220; box_shadow_style=&#8220;preset1&#8243; box_shadow_vertical=&#8220;10px&#8220; box_shadow_blur=&#8220;24px&#8220; box_shadow_spread=&#8220;6px&#8220; box_shadow_color=&#8220;rgba(0,0,0,0.06)&#8220; icon_font_size=&#8220;60px&#8220; global_colors_info=&#8220;{%22gcid-538d9bf5-0d53-4187-911b-57a8d9e16acb%22:%91%93,%22gcid-d9c7f5ec-27ba-4a7a-abfa-49b0248c8844%22:%91%93,%22gcid-50c54f50-2d2a-4bbd-bde4-e45f40ea57f4%22:%91%93,%22gcid-09863161-8034-4cef-af43-150e1097f51d%22:%91%93,%22gcid-6d223cf2-0ca0-44ed-9cce-1dbb3a52aca3%22:%91%93,%22gcid-599b33b5-ee3f-4053-b427-11260c3e32c0%22:%91%22icon_color%22%93,%22gcid-08492866-8e06-4bb0-9d42-81b936eebfb0%22:%91%93,%22gcid-38337a81-d11d-447b-b730-348d69a55118%22:%91%93}&#8220;]<\/p>\n<p><span style=\"font-size: 14px;\">Schu\u0308lerInnen arbeiten in offenen Lernphasen, sie erarbeiten den Lernstoff mit Hilfe des Lehrers \/ der Lehrerin selbststa\u0308ndig.<\/span><\/p>\n<p><span style=\"font-size: 14px;\">&#8230; sie bekommen Arbeitsauftra\u0308ge zum selbststa\u0308ndig Arbeiten.<\/span><\/p>\n<p><span style=\"font-size: 14px;\">&#8230; sie arbeiten in verschiedenen Sozialformen (Einzelarbeit, Partnerarbeit,<\/span><\/p>\n<div class=\"page\" title=\"Page 2\">\n<div class=\"section\">\n<div class=\"layoutArea\">\n<div class=\"column\">\n<p><span>Gruppenarbeit und Lerngruppe). <\/span><\/p>\n<p><span>&#8230; auch LehrerInnen, die bei COOL mitmachen, arbeiten im Team zusammen. Derzeit sind es in unserer Schule etwa 20 KollegInnen. <\/span><\/p>\n<p><span>&#8230; fu\u0308r jede COOL-Klasse gibt es eine begrenzte Anzahl an COOL-Stunden, alle anderen laufen \u201etraditionell\u201c ab. <\/span><\/p>\n<\/div>\n<\/div>\n<\/div>\n<\/div>\n<p>[\/et_pb_blurb][\/et_pb_column][et_pb_column type=&#8220;1_2&#8243; _builder_version=&#8220;4.16&#8243; custom_padding=&#8220;|||&#8220; global_colors_info=&#8220;{}&#8220; custom_padding__hover=&#8220;|||&#8220;][et_pb_blurb title=&#8220;COOL an unserer Schule&#8220; use_icon=&#8220;on&#8220; font_icon=&#8220;&#xe074;||divi||400&#8243; icon_color=&#8220;gcid-599b33b5-ee3f-4053-b427-11260c3e32c0&#8243; image_icon_width=&#8220;60px&#8220; admin_label=&#8220;Class&#8220; _builder_version=&#8220;4.16&#8243; header_font=&#8220;Poppins|600|||||||&#8220; header_text_align=&#8220;center&#8220; header_text_color=&#8220;#486066&#8243; header_font_size=&#8220;18px&#8220; header_line_height=&#8220;1.3em&#8220; body_font=&#8220;Open Sans||||||||&#8220; body_text_align=&#8220;center&#8220; body_text_color=&#8220;#486066&#8243; body_line_height=&#8220;1.8em&#8220; background_color=&#8220;#F7F2E9&#8243; custom_margin=&#8220;|||&#8220; custom_padding=&#8220;40px|30px|40px|30px||&#8220; animation_style=&#8220;fade&#8220; animation=&#8220;off&#8220; box_shadow_style=&#8220;preset1&#8243; box_shadow_vertical=&#8220;10px&#8220; box_shadow_blur=&#8220;24px&#8220; box_shadow_spread=&#8220;6px&#8220; box_shadow_color=&#8220;rgba(0,0,0,0.06)&#8220; icon_font_size=&#8220;60px&#8220; global_colors_info=&#8220;{%22gcid-599b33b5-ee3f-4053-b427-11260c3e32c0%22:%91%22icon_color%22%93}&#8220;]<\/p>\n<p><span style=\"font-size: 14px;\"><strong>Flexible Unterrichtssituation<\/strong><br \/><\/span><span style=\"font-size: 14px;\">Der herko\u0308mmliche Unterricht ist aufgehoben: Schu\u0308ler- Innen ko\u0308nnen sich in COOL-Stunden die Arbeit weitgehend selbst einteilen. LehrerInnen verstehen sich nicht mehr ausschlie\u00dflich als Unterrichtende, sondern vielmehr als Coaches, die die Schu\u0308lerInnen in ihrer Selbststa\u0308ndigkeit unterstu\u0308tzen.<\/span><\/p>\n<p><span style=\"font-size: 14px;\"><strong>Flexible Raumsituation<\/strong><br \/><\/span><span style=\"font-size: 14px;\">Die Schu\u0308lerInnen arbeiten nicht mehr nur in der Klasse, sondern ko\u0308nnen auch weitere Arbeitsbereiche nutzen: z.B. einen Gruppenraum (COOL- Raum), den Gang, das Foyer, den EDV-Bereich, die Outdoorklasse (bei Scho\u0308nwetter)<\/span><\/p>\n<p>[\/et_pb_blurb][\/et_pb_column][\/et_pb_row][\/et_pb_section][et_pb_section fb_built=&#8220;1&#8243; admin_label=&#8220;Stundentafel&#8220; _builder_version=&#8220;4.16&#8243; background_color=&#8220;#fafbfc&#8220; custom_padding=&#8220;30px|0px|30px|0px||&#8220; global_colors_info=&#8220;{}&#8220;][et_pb_row use_custom_gutter=&#8220;on&#8220; gutter_width=&#8220;2&#8243; custom_padding_last_edited=&#8220;on|desktop&#8220; _builder_version=&#8220;4.16&#8243; custom_padding=&#8220;|||&#8220; custom_padding_tablet=&#8220;0px||0px|&#8220; custom_padding_phone=&#8220;&#8220; locked=&#8220;off&#8220; global_colors_info=&#8220;{}&#8220;][et_pb_column type=&#8220;4_4&#8243; _builder_version=&#8220;4.16&#8243; custom_padding=&#8220;|||&#8220; global_colors_info=&#8220;{}&#8220; custom_padding__hover=&#8220;|||&#8220;][et_pb_text _builder_version=&#8220;4.16&#8243; _module_preset=&#8220;default&#8220; text_font=&#8220;||||||||&#8220; header_font=&#8220;|||on|||||&#8220; header_text_align=&#8220;center&#8220; header_3_font=&#8220;|600||on|||||&#8220; header_3_text_align=&#8220;left&#8220; header_3_text_color=&#8220;gcid-599b33b5-ee3f-4053-b427-11260c3e32c0&#8243; header_3_font_size=&#8220;36px&#8220; header_3_line_height=&#8220;1.4em&#8220; text_orientation=&#8220;center&#8220; global_colors_info=&#8220;{%22gcid-dd4717c7-ba97-42a2-b764-dc54d8530d84%22:%91%93,%22gcid-538d9bf5-0d53-4187-911b-57a8d9e16acb%22:%91%93,%22gcid-527fcadb-c04a-48e6-8d8d-1eb41e44b3ba%22:%91%22header_3_text_color%22%93,%22gcid-599b33b5-ee3f-4053-b427-11260c3e32c0%22:%91%22header_3_text_color%22%93}&#8220;]<\/p>\n<h3>Methoden<\/h3>\n<p>[\/et_pb_text][et_pb_text _builder_version=&#8220;4.16&#8243; _module_preset=&#8220;default&#8220; header_3_font=&#8220;|700||on|||||&#8220; header_3_text_color=&#8220;gcid-dd4717c7-ba97-42a2-b764-dc54d8530d84&#8243; header_4_font=&#8220;|700||on|||||&#8220; header_4_text_color=&#8220;#777777&#8243; header_4_font_size=&#8220;22px&#8220; custom_padding=&#8220;|0px||||&#8220; global_colors_info=&#8220;{%22gcid-5045b5df-4d48-4421-92ad-92d11b2e5ca9%22:%91%22header_3_text_color%22%93,%22gcid-08492866-8e06-4bb0-9d42-81b936eebfb0%22:%91%93,%22gcid-e51528a4-3544-453b-bb14-4632918b6981%22:%91%93,%22gcid-dd4717c7-ba97-42a2-b764-dc54d8530d84%22:%91%22header_3_text_color%22,%22header_3_text_color%22%93}&#8220;]<\/p>\n<h4>Wichtige Informationen wenn du EINE COOL KLASSE besuchen m\u00f6chtest &#8230;<\/h4>\n<p>[\/et_pb_text][\/et_pb_column][\/et_pb_row][et_pb_row column_structure=&#8220;1_2,1_2&#8243; _builder_version=&#8220;4.16&#8243; _module_preset=&#8220;default&#8220; global_colors_info=&#8220;{}&#8220;][et_pb_column type=&#8220;1_2&#8243; _builder_version=&#8220;4.16&#8243; _module_preset=&#8220;default&#8220; global_colors_info=&#8220;{}&#8220;][et_pb_text _builder_version=&#8220;4.16&#8243; _module_preset=&#8220;default&#8220; header_3_font=&#8220;|700||on|||||&#8220; header_3_text_color=&#8220;gcid-dd4717c7-ba97-42a2-b764-dc54d8530d84&#8243; header_4_font=&#8220;|700||on|||||&#8220; header_4_text_color=&#8220;#777777&#8243; header_4_font_size=&#8220;22px&#8220; custom_padding=&#8220;|0px||||&#8220; locked=&#8220;off&#8220; global_colors_info=&#8220;{%22gcid-5045b5df-4d48-4421-92ad-92d11b2e5ca9%22:%91%22header_3_text_color%22%93,%22gcid-08492866-8e06-4bb0-9d42-81b936eebfb0%22:%91%93,%22gcid-e51528a4-3544-453b-bb14-4632918b6981%22:%91%93,%22gcid-dd4717c7-ba97-42a2-b764-dc54d8530d84%22:%91%22header_3_text_color%22,%22header_3_text_color%22%93}&#8220;]<\/p>\n<p><strong style=\"font-size: 14px;\">DER KLASSENRAT<br \/><\/strong><span style=\"font-size: 14px;\">Der mo\u0308glichst regelma\u0308\u00dfig stattfindende Klassenrat ist ein wesentlicher Bestandteil der COOL-Philosophie. In diesem Klassengremium sollen die Kinder einerseits lernen, u\u0308ber klasseninterne Probleme zu diskutieren, andererseits haben sie die Mo\u0308glichkeit, auch eigene Ideen einzubringen. So ko\u0308nnen Schu\u0308lerInnen mitbestimmen und Demokratie leben lernen. Die Schu\u0308lerInnen erhalten auch ein Knowhow in Bezug auf Leitung eines Klassenrats, Kenntnis von Diskussionsregeln, Feedback geben, Protokoll schreiben oder Grundlagen der gewaltfreien Kommunikation.<\/span><\/p>\n<p><strong>LERNGRUPPEN<\/strong><br \/>Eine Besonderheit unserer Schule sind die Lerngruppen:<\/p>\n<p>Die Sch\u00fclerInnen einer Klasse finden sich unter professioneller Begleitung in Lerngruppen zusammen:<\/p>\n<ul>\n<li style=\"list-style-type: none;\">\n<ul>\n<li>Das Arbeiten im Team wird gef\u00f6rdert<\/li>\n<li>Die Sch\u00fclerInnen lernen Verantwortung f\u00fcr alle in der Gruppe zu \u00fcbernehmen<\/li>\n<li>Soziales Verhalten und Selbstorganisation werden trainiert<\/li>\n<li>Jedes Kind hat seinen Platz in der Klasse und in der Gruppe<\/li>\n<li>Kommunikationsf\u00e4higkeit wird trainiert<\/li>\n<li>Konfliktf\u00e4higkeit wird geschult<\/li>\n<\/ul>\n<\/li>\n<\/ul>\n<p>Wir wollen eine Atmosph\u00e4re schaffen, die Lernen und Entwicklung in der sch\u00f6nsten Form erm\u00f6glicht. Daf\u00fcr braucht es auch die Gruppe, das Miteinander, die anderen.\u00a0<\/p>\n<div class=\"page\" title=\"Page 1\">\n<div class=\"section\">\n<div class=\"layoutArea\">\n<div class=\"column\"><\/div>\n<\/div>\n<\/div>\n<\/div>\n<div class=\"page\" title=\"Page 1\">\n<div class=\"section\">\n<div class=\"layoutArea\">\n<div class=\"column\">\n<div class=\"page\" title=\"Page 1\">\n<div class=\"section\">\n<div class=\"layoutArea\">\n<div class=\"column\">\n<p>&nbsp;<\/p>\n<p><span style=\"font-size: 14px;\"><\/span><\/p>\n<\/div>\n<\/div>\n<\/div>\n<\/div>\n<p><span style=\"font-size: 14px;\"><\/span><\/p>\n<\/div>\n<\/div>\n<\/div>\n<\/div>\n<p>[\/et_pb_text][\/et_pb_column][et_pb_column type=&#8220;1_2&#8243; _builder_version=&#8220;4.16&#8243; _module_preset=&#8220;default&#8220; global_colors_info=&#8220;{}&#8220;][et_pb_text _builder_version=&#8220;4.16&#8243; _module_preset=&#8220;default&#8220; global_colors_info=&#8220;{}&#8220;]<\/p>\n<div class=\"page\" title=\"Page 1\">\n<div class=\"section\">\n<div class=\"layoutArea\">\n<div class=\"column\">\n<p><strong>METHODENTRAINING<br \/><\/strong>Ab der 1. Klasse durchlaufen die Schu\u0308lerInnen ein spezielles Methodentraining, das ihnen helfen soll, den schulischen Anforderungen gerecht zu werden und fu\u0308r spa\u0308tere Lernherausforderungen geru\u0308stet zu sein. Dieses Training beinhaltet:<\/p>\n<ul>\n<li style=\"list-style-type: none;\">\n<ul>\n<li><span style=\"font-size: 14px;\">U\u0308bungen zur Lernorganisation und zum selbststa\u0308ndigen Lernen<\/span><\/li>\n<li><span style=\"font-size: 14px;\">Kenntnis u\u0308ber verschiedene Lerntypen und Lernstrategien<\/span><\/li>\n<li><span style=\"font-size: 14px;\">Lese- und Darstellungstechniken<\/span><\/li>\n<li><span style=\"font-size: 14px;\">Einu\u0308ben von verschiedenen Pra\u0308sentationstechniken<\/span><\/li>\n<li><span style=\"font-size: 14px;\">Erproben der Mo\u0308glichkeiten des gemeinsamen Lernens<\/span><\/li>\n<\/ul>\n<\/li>\n<\/ul>\n<p>Wir wollen eine Atmospha\u0308re schaffen, die Lernen und Wachstum in der scho\u0308nsten Form ermo\u0308glicht. Dafu\u0308r braucht es auch die Gruppe, das Miteinander, die anderen.<\/p>\n<p><strong style=\"font-size: 14px;\"><\/strong><\/p>\n<p><strong style=\"font-size: 14px;\">WARUM COOL?<\/strong><\/p>\n<div class=\"page\" title=\"Page 2\">\n<div class=\"section\">\n<div class=\"layoutArea\">\n<div class=\"column\">\n<p><span>Wir sind davon u\u0308berzeugt, dass Schu\u0308lerInnen gern lernen, wenn sie in ihrer Selbststa\u0308ndigkeit und in ihrer Neugierde unterstu\u0308tzt werden. Zu einer fundierten Allgemeinbildung geho\u0308rt neben der Kenntnis von thematischen Inhalten auch die soziale Kompetenz. Damit meinen wir die Bereitschaft, sich selbst in das Unterrichtsgeschehen einzubringen, andere <\/span><\/p>\n<p><span>zu unterstu\u0308tzen, selbststa\u0308ndig zu arbeiten und Verantwortung zu u\u0308bernehmen. Wir sind davon u\u0308berzeugt, dass es unsere Aufgabe ist, die Sta\u0308rken und die Potenziale, die unsere Schu\u0308lerInnen mitbringen, bestmo\u0308glich zu unterstu\u0308tzen.<\/span><\/p>\n<\/div>\n<\/div>\n<\/div>\n<\/div>\n<\/div>\n<\/div>\n<\/div>\n<\/div>\n<p>[\/et_pb_text][\/et_pb_column][\/et_pb_row][et_pb_row _builder_version=&#8220;4.19.0&#8243; _module_preset=&#8220;default&#8220; global_colors_info=&#8220;{}&#8220;][et_pb_column type=&#8220;4_4&#8243; _builder_version=&#8220;4.19.0&#8243; _module_preset=&#8220;default&#8220; global_colors_info=&#8220;{}&#8220;][et_pb_image src=&#8220;https:\/\/brghamerling.at\/wp-content\/uploads\/2024\/11\/Stundentafel_COOL1.jpg&#8220; title_text=&#8220;Stundentafel_COOL1&#8243; _builder_version=&#8220;4.25.2&#8243; _module_preset=&#8220;default&#8220; width=&#8220;60%&#8220; hover_enabled=&#8220;0&#8243; global_colors_info=&#8220;{}&#8220; sticky_enabled=&#8220;0&#8243;][\/et_pb_image][\/et_pb_column][\/et_pb_row][\/et_pb_section][et_pb_section fb_built=&#8220;1&#8243; admin_label=&#8220;Kontakt&#8220; _builder_version=&#8220;4.16&#8243; background_color=&#8220;gcid-50c54f50-2d2a-4bbd-bde4-e45f40ea57f4&#8243; use_background_color_gradient=&#8220;on&#8220; background_color_gradient_stops=&#8220;#f7f2e9 0%|#ffffff 100%&#8220; background_color_gradient_start=&#8220;#f7f2e9&#8243; background_color_gradient_end=&#8220;#ffffff&#8220; custom_padding=&#8220;30px|0px|30px|0px||&#8220; global_colors_info=&#8220;{%22gcid-50c54f50-2d2a-4bbd-bde4-e45f40ea57f4%22:%91%22background_color%22%93,%22gcid-538d9bf5-0d53-4187-911b-57a8d9e16acb%22:%91%93,%22gcid-38337a81-d11d-447b-b730-348d69a55118%22:%91%93,%22gcid-09863161-8034-4cef-af43-150e1097f51d%22:%91%22colorStart%22%93}&#8220;][et_pb_row use_custom_gutter=&#8220;on&#8220; gutter_width=&#8220;2&#8243; custom_padding_last_edited=&#8220;on|desktop&#8220; _builder_version=&#8220;4.16&#8243; custom_padding=&#8220;|||&#8220; custom_padding_tablet=&#8220;0px||0px|&#8220; custom_padding_phone=&#8220;&#8220; locked=&#8220;off&#8220; global_colors_info=&#8220;{}&#8220;][et_pb_column type=&#8220;4_4&#8243; _builder_version=&#8220;4.16&#8243; custom_padding=&#8220;|||&#8220; global_colors_info=&#8220;{}&#8220; custom_padding__hover=&#8220;|||&#8220;][et_pb_text _builder_version=&#8220;4.16&#8243; _module_preset=&#8220;default&#8220; text_font=&#8220;||||||||&#8220; header_font=&#8220;|||on|||||&#8220; header_text_align=&#8220;center&#8220; header_3_font=&#8220;|600||on|||||&#8220; header_3_text_align=&#8220;left&#8220; header_3_text_color=&#8220;gcid-599b33b5-ee3f-4053-b427-11260c3e32c0&#8243; header_3_font_size=&#8220;36px&#8220; header_3_line_height=&#8220;1.4em&#8220; text_orientation=&#8220;center&#8220; global_colors_info=&#8220;{%22gcid-dd4717c7-ba97-42a2-b764-dc54d8530d84%22:%91%93,%22gcid-538d9bf5-0d53-4187-911b-57a8d9e16acb%22:%91%93,%22gcid-527fcadb-c04a-48e6-8d8d-1eb41e44b3ba%22:%91%22header_3_text_color%22%93,%22gcid-599b33b5-ee3f-4053-b427-11260c3e32c0%22:%91%22header_3_text_color%22%93}&#8220;]<\/p>\n<h3>Kontakt<\/h3>\n<p>[\/et_pb_text][et_pb_text disabled_on=&#8220;on|on|on&#8220; _builder_version=&#8220;4.16&#8243; _module_preset=&#8220;default&#8220; header_3_font=&#8220;|700||on|||||&#8220; header_3_text_color=&#8220;gcid-dd4717c7-ba97-42a2-b764-dc54d8530d84&#8243; header_4_font=&#8220;|700||on|||||&#8220; header_4_text_color=&#8220;#777777&#8243; header_4_font_size=&#8220;22px&#8220; custom_padding=&#8220;|0px||||&#8220; disabled=&#8220;on&#8220; locked=&#8220;off&#8220; global_colors_info=&#8220;{%22gcid-5045b5df-4d48-4421-92ad-92d11b2e5ca9%22:%91%22header_3_text_color%22%93,%22gcid-08492866-8e06-4bb0-9d42-81b936eebfb0%22:%91%93,%22gcid-e51528a4-3544-453b-bb14-4632918b6981%22:%91%93,%22gcid-dd4717c7-ba97-42a2-b764-dc54d8530d84%22:%91%22header_3_text_color%22,%22header_3_text_color%22%93}&#8220;]<\/p>\n<h4>COOL Koordinatorin<\/h4>\n<p>[\/et_pb_text][et_pb_team_member name=&#8220;Mag. Edith REITER-R\u00d6DHAMER&#8220; position=&#8220;COOL Koordinatorin&#8220; image_url=&#8220;https:\/\/brghamerling.at\/wp-content\/uploads\/2021\/12\/63-Reiter-Roedhamer-Edith.jpg&#8220; icon_color=&#8220;#44d89e&#8220; _builder_version=&#8220;4.19.0&#8243; header_font=&#8220;Poppins|500|||||||&#8220; header_text_color=&#8220;#486066&#8243; header_font_size=&#8220;18px&#8220; body_font=&#8220;Open Sans||||||||&#8220; body_line_height=&#8220;1.8em&#8220; background_color=&#8220;#ffffff&#8220; text_orientation=&#8220;left&#8220; module_alignment=&#8220;left&#8220; min_height=&#8220;213px&#8220; custom_margin=&#8220;|0px||||&#8220; custom_padding=&#8220;30px|30px|30px|30px&#8220; animation_style=&#8220;fade&#8220; box_shadow_style=&#8220;preset1&#8243; box_shadow_vertical=&#8220;10px&#8220; box_shadow_blur=&#8220;24px&#8220; box_shadow_spread=&#8220;6px&#8220; box_shadow_color=&#8220;rgba(0,0,0,0.06)&#8220; icon_hover_color=&#8220;#353740&#8243; global_colors_info=&#8220;{}&#8220; icon_color__hover=&#8220;#353740&#8243; icon_color__hover_enabled=&#8220;on&#8220;]<\/p>\n<p><a href=\"edith.reiter-roedhamer@brghamerling.at\"><span>edith.reiter-roedhamer<\/span>@brghamerling.at<\/a><\/p>\n<p>[\/et_pb_team_member][\/et_pb_column][\/et_pb_row][\/et_pb_section]<\/p>\n","protected":false},"excerpt":{"rendered":"<p>Bildungsangebot &gt; ZweigeUNTERSTUFE&#8220;BILDUNG IST WACHSTUM. BILDUNG IST KEINE VORBEREITUNG AUF DAS LEBEN, SONDERN DAS LEBEN SELBST.&#8220; (JOHN DEWEY) Was wir bietenSchu\u0308lerInnen arbeiten in offenen Lernphasen, sie erarbeiten den Lernstoff mit Hilfe des Lehrers \/ der Lehrerin selbststa\u0308ndig. &#8230; sie bekommen Arbeitsauftra\u0308ge zum selbststa\u0308ndig Arbeiten. &#8230; sie arbeiten in verschiedenen Sozialformen (Einzelarbeit, Partnerarbeit, Gruppenarbeit und Lerngruppe). [&hellip;]<\/p>\n","protected":false},"author":2,"featured_media":0,"parent":0,"menu_order":0,"comment_status":"closed","ping_status":"closed","template":"","meta":{"_et_pb_use_builder":"on","_et_pb_old_content":"","_et_gb_content_width":"","footnotes":""},"class_list":["post-24738","page","type-page","status-publish","hentry"],"_links":{"self":[{"href":"https:\/\/brghamerling.at\/index.php?rest_route=\/wp\/v2\/pages\/24738","targetHints":{"allow":["GET"]}}],"collection":[{"href":"https:\/\/brghamerling.at\/index.php?rest_route=\/wp\/v2\/pages"}],"about":[{"href":"https:\/\/brghamerling.at\/index.php?rest_route=\/wp\/v2\/types\/page"}],"author":[{"embeddable":true,"href":"https:\/\/brghamerling.at\/index.php?rest_route=\/wp\/v2\/users\/2"}],"replies":[{"embeddable":true,"href":"https:\/\/brghamerling.at\/index.php?rest_route=%2Fwp%2Fv2%2Fcomments&post=24738"}],"version-history":[{"count":22,"href":"https:\/\/brghamerling.at\/index.php?rest_route=\/wp\/v2\/pages\/24738\/revisions"}],"predecessor-version":[{"id":242451,"href":"https:\/\/brghamerling.at\/index.php?rest_route=\/wp\/v2\/pages\/24738\/revisions\/242451"}],"wp:attachment":[{"href":"https:\/\/brghamerling.at\/index.php?rest_route=%2Fwp%2Fv2%2Fmedia&parent=24738"}],"curies":[{"name":"wp","href":"https:\/\/api.w.org\/{rel}","templated":true}]}}