{"id":25096,"date":"2021-07-16T10:19:36","date_gmt":"2021-07-16T10:19:36","guid":{"rendered":"https:\/\/brghamerling.at\/?page_id=25096"},"modified":"2025-02-13T14:36:15","modified_gmt":"2025-02-13T12:36:15","slug":"i","status":"publish","type":"page","link":"https:\/\/brghamerling.at\/?page_id=25096","title":{"rendered":"Impressum"},"content":{"rendered":"<p>[et_pb_section fb_built=&#8220;1&#8243; admin_label=&#8220;Header&#8220; _builder_version=&#8220;4.16&#8243; use_background_color_gradient=&#8220;on&#8220; background_color_gradient_direction=&#8220;105deg&#8220; background_color_gradient_stops=&#8220;#eef8fe 0%|#efefef 100%&#8220; background_color_gradient_start=&#8220;#eef8fe&#8220; background_color_gradient_end=&#8220;#efefef&#8220; background_image=&#8220;https:\/\/brghamerling.at\/wp-content\/uploads\/2021\/07\/Schulleitung.jpg&#8220; custom_margin=&#8220;|||&#8220; custom_padding=&#8220;120px|0px|90px|0px||&#8220; locked=&#8220;off&#8220; global_colors_info=&#8220;{}&#8220;][et_pb_row _builder_version=&#8220;4.16&#8243; global_colors_info=&#8220;{}&#8220;][et_pb_column type=&#8220;4_4&#8243; _builder_version=&#8220;4.16&#8243; custom_padding=&#8220;|||&#8220; global_colors_info=&#8220;{}&#8220; custom_padding__hover=&#8220;|||&#8220;][et_pb_text disabled_on=&#8220;on|on|on&#8220; _builder_version=&#8220;4.16&#8243; text_font=&#8220;Poppins||||||||&#8220; text_text_color=&#8220;rgba(255,255,255,0.8)&#8220; text_font_size=&#8220;18px&#8220; text_line_height=&#8220;1.8em&#8220; header_font=&#8220;Poppins|600|||||||&#8220; header_text_color=&#8220;#ffffff&#8220; header_font_size=&#8220;48px&#8220; header_line_height=&#8220;1.4em&#8220; header_3_font=&#8220;Poppins|600|||||||&#8220; header_3_font_size=&#8220;36px&#8220; header_3_line_height=&#8220;1.4em&#8220; background_layout=&#8220;dark&#8220; max_width=&#8220;600px&#8220; module_alignment=&#8220;left&#8220; custom_margin=&#8220;|||&#8220; custom_padding=&#8220;||0px|||&#8220; disabled=&#8220;on&#8220; global_colors_info=&#8220;{}&#8220;]<\/p>\n<h1>Schulleitung<\/h1>\n<p>[\/et_pb_text][\/et_pb_column][\/et_pb_row][\/et_pb_section][et_pb_section fb_built=&#8220;1&#8243; admin_label=&#8220;Kontakt&#8220; _builder_version=&#8220;4.16&#8243; background_color=&#8220;gcid-dd4717c7-ba97-42a2-b764-dc54d8530d84&#8243; min_height=&#8220;20px&#8220; max_height=&#8220;20px&#8220; custom_padding=&#8220;30px|0px|0px|0px||&#8220; global_colors_info=&#8220;{%22gcid-50c54f50-2d2a-4bbd-bde4-e45f40ea57f4%22:%91%22colorStart%22%93,%22gcid-538d9bf5-0d53-4187-911b-57a8d9e16acb%22:%91%93,%22gcid-38337a81-d11d-447b-b730-348d69a55118%22:%91%93,%22gcid-8005e58a-8651-4089-b393-62238b769e8a%22:%91%93,%22gcid-b22dac8f-8f35-4759-80af-8b5eefab8668%22:%91%93,%22gcid-dd4717c7-ba97-42a2-b764-dc54d8530d84%22:%91%22background_color%22%93}&#8220;][\/et_pb_section][et_pb_section fb_built=&#8220;1&#8243; admin_label=&#8220;Inhalt&#8220; _builder_version=&#8220;4.16&#8243; background_color=&#8220;#fafbfc&#8220; custom_padding=&#8220;30px|0px|110px|0px||&#8220; global_colors_info=&#8220;{}&#8220;][et_pb_row column_structure=&#8220;3_4,1_4&#8243; use_custom_gutter=&#8220;on&#8220; gutter_width=&#8220;2&#8243; custom_padding_last_edited=&#8220;on|desktop&#8220; _builder_version=&#8220;4.16&#8243; custom_padding=&#8220;|||&#8220; custom_padding_tablet=&#8220;0px||0px|&#8220; custom_padding_phone=&#8220;&#8220; locked=&#8220;off&#8220; global_colors_info=&#8220;{}&#8220;][et_pb_column type=&#8220;3_4&#8243; _builder_version=&#8220;4.16&#8243; custom_padding=&#8220;|||&#8220; global_colors_info=&#8220;{}&#8220; custom_padding__hover=&#8220;|||&#8220;][et_pb_text _builder_version=&#8220;4.16&#8243; _module_preset=&#8220;default&#8220; text_font=&#8220;||||||||&#8220; header_font=&#8220;|||on|||||&#8220; header_text_align=&#8220;center&#8220; header_3_font=&#8220;Poppins|600||on|||||&#8220; header_3_text_align=&#8220;left&#8220; header_3_text_color=&#8220;gcid-dd4717c7-ba97-42a2-b764-dc54d8530d84&#8243; header_3_font_size=&#8220;36px&#8220; header_3_line_height=&#8220;1.4em&#8220; text_orientation=&#8220;center&#8220; global_colors_info=&#8220;{%22gcid-dd4717c7-ba97-42a2-b764-dc54d8530d84%22:%91%22header_3_text_color%22,%22header_3_text_color%22%93}&#8220;]<\/p>\n<h3>Impressum<\/h3>\n<p>[\/et_pb_text][et_pb_text _builder_version=&#8220;4.16&#8243; _module_preset=&#8220;default&#8220; header_3_font=&#8220;|700||on|||||&#8220; header_3_text_color=&#8220;gcid-dd4717c7-ba97-42a2-b764-dc54d8530d84&#8243; header_4_font=&#8220;|700||on|||||&#8220; header_4_text_color=&#8220;#777777&#8243; header_4_font_size=&#8220;22px&#8220; custom_padding=&#8220;|0px||||&#8220; locked=&#8220;off&#8220; global_colors_info=&#8220;{%22gcid-5045b5df-4d48-4421-92ad-92d11b2e5ca9%22:%91%22header_3_text_color%22%93,%22gcid-08492866-8e06-4bb0-9d42-81b936eebfb0%22:%91%93,%22gcid-e51528a4-3544-453b-bb14-4632918b6981%22:%91%93,%22gcid-dd4717c7-ba97-42a2-b764-dc54d8530d84%22:%91%22header_3_text_color%22,%22header_3_text_color%22%93}&#8220;]<\/p>\n<h4><span style=\"font-size: 16px;\">Inhaber der Website<\/span><\/h4>\n<p>[\/et_pb_text][et_pb_text _builder_version=&#8220;4.16&#8243; _module_preset=&#8220;default&#8220; global_colors_info=&#8220;{}&#8220;]<\/p>\n<p><strong>Bundesrealgymnasium Linz<br \/><\/strong>Hamerlingstr. 18<br \/>4020 Linz<br \/>\u00d6sterreich<\/p>\n<p>Telefon: <span>0732 \/ 652062<\/span><br \/>E-Mail: <a href=\"mailto:s401126@bildung.gv.at\">s401126@bildung.gv.at<\/a><\/p>\n<p><strong>Schulkennzahl<\/strong><br \/>401126<\/p>\n<p>[\/et_pb_text][et_pb_text _builder_version=&#8220;4.16&#8243; _module_preset=&#8220;default&#8220; header_3_font=&#8220;|700||on|||||&#8220; header_3_text_color=&#8220;gcid-dd4717c7-ba97-42a2-b764-dc54d8530d84&#8243; header_4_font=&#8220;|700||on|||||&#8220; header_4_text_color=&#8220;#777777&#8243; header_4_font_size=&#8220;22px&#8220; custom_padding=&#8220;|0px||||&#8220; locked=&#8220;off&#8220; global_colors_info=&#8220;{%22gcid-5045b5df-4d48-4421-92ad-92d11b2e5ca9%22:%91%22header_3_text_color%22%93,%22gcid-08492866-8e06-4bb0-9d42-81b936eebfb0%22:%91%93,%22gcid-e51528a4-3544-453b-bb14-4632918b6981%22:%91%93,%22gcid-dd4717c7-ba97-42a2-b764-dc54d8530d84%22:%91%22header_3_text_color%22,%22header_3_text_color%22%93}&#8220;]<\/p>\n<h4><span style=\"font-size: 16px;\">Verantwortlich f\u00fcr den Inhalt<\/span><\/h4>\n<p>[\/et_pb_text][et_pb_text _builder_version=&#8220;4.16&#8243; _module_preset=&#8220;default&#8220; global_colors_info=&#8220;{}&#8220;]<\/p>\n<div id=\"c1570\" class=\"frame default frame-type-header frame-layout-0\">\n<header><\/header>\n<\/div>\n<div id=\"c289\" class=\"frame default frame-type-textmedia frame-layout-0\">\n<div class=\"ce-textpic ce-center ce-above\">\n<div class=\"ce-bodytext\"><strong style=\"font-size: 14px;\">Mag. Michael Schneider <\/strong><span style=\"font-size: 14px;\">(Direktor)<\/span><\/div>\n<div class=\"ce-bodytext\"><span style=\"font-size: 14px;\"><\/span><\/div>\n<div class=\"ce-bodytext\"><span style=\"font-size: 14px;\"><\/span><\/div>\n<\/div>\n<\/div>\n<div id=\"c1571\" class=\"frame default frame-type-textmedia frame-layout-0\">\n<div class=\"ce-textpic ce-center ce-above\">\n<div class=\"ce-bodytext\">\n<p><strong style=\"font-size: 14px;\">Mag. Bernhard Biermayr<\/strong><span style=\"font-size: 14px;\">\u00a0<\/span><span style=\"font-size: 14px;\">(Webmaster)<br \/><\/span><strong style=\"font-size: 14px;\">Mag. Alexander Wollanek<\/strong><span style=\"font-size: 14px;\">\u00a0<\/span><span style=\"font-size: 14px;\">(Webmaster)<\/span><\/p>\n<p><span style=\"font-size: 14px;\"><\/span><\/p>\n<ul>\n<li>\u00a0Auf jenen Seiten, auf denen eine Ansprechperson angegeben ist, ist diese f\u00fcr den Inhalt verantwortlich.<\/li>\n<li>F\u00fcr den Inhalt der News sind die jeweiligen Redakteure zust\u00e4ndig, die auch namentlich im Bericht genannt werden.<\/li>\n<\/ul>\n<\/div>\n<\/div>\n<\/div>\n<p>[\/et_pb_text][et_pb_text _builder_version=&#8220;4.16&#8243; _module_preset=&#8220;default&#8220; header_3_font=&#8220;|700||on|||||&#8220; header_3_text_color=&#8220;gcid-dd4717c7-ba97-42a2-b764-dc54d8530d84&#8243; header_4_font=&#8220;|700||on|||||&#8220; header_4_text_color=&#8220;#777777&#8243; header_4_font_size=&#8220;22px&#8220; custom_padding=&#8220;|0px||||&#8220; locked=&#8220;off&#8220; global_colors_info=&#8220;{%22gcid-5045b5df-4d48-4421-92ad-92d11b2e5ca9%22:%91%22header_3_text_color%22%93,%22gcid-08492866-8e06-4bb0-9d42-81b936eebfb0%22:%91%93,%22gcid-e51528a4-3544-453b-bb14-4632918b6981%22:%91%93,%22gcid-dd4717c7-ba97-42a2-b764-dc54d8530d84%22:%91%22header_3_text_color%22,%22header_3_text_color%22%93}&#8220;]<\/p>\n<h4><span style=\"font-size: 16px;\">Urherberrecht<\/span><\/h4>\n<p>[\/et_pb_text][et_pb_text _builder_version=&#8220;4.16&#8243; _module_preset=&#8220;default&#8220; global_colors_info=&#8220;{}&#8220;]<\/p>\n<div id=\"c1570\" class=\"frame default frame-type-header frame-layout-0\">\n<header><\/header>\n<\/div>\n<div id=\"c290\" class=\"frame default frame-type-textmedia frame-layout-0\">\n<header>\n<h3 class=\"\"><\/h3>\n<\/header>\n<div class=\"ce-textpic ce-right ce-intext\">\n<div class=\"ce-bodytext\">\n<p>Die durch die Seitenbetreiber erstellten Inhalte und Werke auf diesen Seiten unterliegen dem \u00f6sterreichischen Urheberrecht. Die Vervielf\u00e4ltigung, Bearbeitung, Verbreitung und jede Art der Verwertung au\u00dferhalb der Grenzen des Urheberrechtes bed\u00fcrfen der schriftlichen Zustimmung des jeweiligen Autors bzw. Erstellers. Downloads und Kopien dieser Seite sind nur f\u00fcr den privaten, nicht kommerziellen Gebrauch gestattet. Soweit die Inhalte auf dieser Seite nicht vom Betreiber erstellt wurden, werden die Urheberrechte Dritter beachtet.<\/p>\n<p>Teilweise wurden Bilder im Rahmen des Unterrichts von Sch\u00fclerinnen und Sch\u00fclern des BRG Hamerlingstra\u00dfe erstellt. In diesen F\u00e4llen liegt das Urheberrecht bei den jeweiligen FotografInnen, das Nutzungsrecht der Fotos beim BRG Hamerlingstra\u00dfe.<\/p>\n<p>Die im Newsbereich verwendeten Bilder stammen, wenn nicht anders im Artikel angegeben, von der\/dem jeweiligen Redakteur\/in.<\/p>\n<\/div>\n<\/div>\n<\/div>\n<p>[\/et_pb_text][et_pb_text _builder_version=&#8220;4.16&#8243; _module_preset=&#8220;default&#8220; header_3_font=&#8220;|700||on|||||&#8220; header_3_text_color=&#8220;gcid-dd4717c7-ba97-42a2-b764-dc54d8530d84&#8243; header_4_font=&#8220;|700||on|||||&#8220; header_4_text_color=&#8220;#777777&#8243; header_4_font_size=&#8220;22px&#8220; custom_padding=&#8220;|0px||||&#8220; locked=&#8220;off&#8220; global_colors_info=&#8220;{%22gcid-5045b5df-4d48-4421-92ad-92d11b2e5ca9%22:%91%22header_3_text_color%22%93,%22gcid-08492866-8e06-4bb0-9d42-81b936eebfb0%22:%91%93,%22gcid-e51528a4-3544-453b-bb14-4632918b6981%22:%91%93,%22gcid-dd4717c7-ba97-42a2-b764-dc54d8530d84%22:%91%22header_3_text_color%22,%22header_3_text_color%22%93}&#8220;]<\/p>\n<h4><span style=\"font-size: 16px;\">Haftungsausschluss<\/span><\/h4>\n<p>[\/et_pb_text][et_pb_text _builder_version=&#8220;4.16&#8243; _module_preset=&#8220;default&#8220; global_colors_info=&#8220;{}&#8220;]<\/p>\n<div id=\"c1570\" class=\"frame default frame-type-header frame-layout-0\">\n<header><\/header>\n<\/div>\n<div id=\"c291\" class=\"frame default frame-type-textmedia frame-layout-0\">\n<header>\n<h3 class=\"\"><strong style=\"font-size: 14px; color: #666666;\">Haftung f\u00fcr Inhalte<br \/><\/strong><span style=\"font-size: 14px; color: #666666;\">Die Inhalte unserer Seiten wurden mit gr\u00f6\u00dfter Sorgfalt erstellt. F\u00fcr die Richtigkeit, Vollst\u00e4ndigkeit und Aktualit\u00e4t der Inhalte k\u00f6nnen wir jedoch keine Gew\u00e4hr \u00fcbernehmen.\u00a0<\/span><\/h3>\n<\/header>\n<div class=\"ce-textpic ce-right ce-intext\">\n<div class=\"ce-bodytext\">\n<p><strong>Haftung f\u00fcr Links<br \/><\/strong><span style=\"font-size: 14px;\">Unser Angebot enth\u00e4lt Links zu externen Webseiten Dritter, auf deren Inhalte wir keinen Einfluss haben. Deshalb k\u00f6nnen wir f\u00fcr diese fremden Inhalte auch keine Gew\u00e4hr \u00fcbernehmen. F\u00fcr die Inhalte der verlinkten Seiten ist stets der jeweilige Anbieter oder Betreiber der Seiten verantwortlich.<\/span><\/p>\n<p><span style=\"font-size: 14px;\"><\/span><\/p>\n<p><span style=\"font-size: 14px;\"><\/span><\/p>\n<\/div>\n<\/div>\n<\/div>\n<p>[\/et_pb_text][et_pb_text _builder_version=&#8220;4.16&#8243; _module_preset=&#8220;default&#8220; header_3_font=&#8220;|700||on|||||&#8220; header_3_text_color=&#8220;gcid-dd4717c7-ba97-42a2-b764-dc54d8530d84&#8243; header_4_font=&#8220;|700||on|||||&#8220; header_4_text_color=&#8220;#777777&#8243; header_4_font_size=&#8220;22px&#8220; custom_padding=&#8220;|0px||||&#8220; locked=&#8220;off&#8220; global_colors_info=&#8220;{%22gcid-5045b5df-4d48-4421-92ad-92d11b2e5ca9%22:%91%22header_3_text_color%22%93,%22gcid-08492866-8e06-4bb0-9d42-81b936eebfb0%22:%91%93,%22gcid-e51528a4-3544-453b-bb14-4632918b6981%22:%91%93,%22gcid-dd4717c7-ba97-42a2-b764-dc54d8530d84%22:%91%22header_3_text_color%22,%22header_3_text_color%22%93}&#8220;]<\/p>\n<h4><span style=\"font-size: 16px;\">Datenschutz<\/span><\/h4>\n<p>[\/et_pb_text][et_pb_text _builder_version=&#8220;4.16&#8243; _module_preset=&#8220;default&#8220; global_colors_info=&#8220;{}&#8220;]<\/p>\n<div id=\"c1570\" class=\"frame default frame-type-header frame-layout-0\">\n<header><\/header>\n<\/div>\n<div id=\"c291\" class=\"frame default frame-type-textmedia frame-layout-0\">\n<header>\n<h3 class=\"\"><span style=\"font-size: 14px; color: #666666;\"><b>Datenschutzbeauftragter<br \/><\/b><span>Sollten Sie Fragen zum Datenschutz haben, finden Sie nachfolgend die Kontaktdaten der verantwortlichen Person:<\/span><br \/>Mag. Michael Schneider<br \/><\/span><span style=\"font-size: 14px; color: #666666;\">Hamerlingstr. 18,\u00a04020 Linz<br \/><\/span><span style=\"font-size: 14px;\">Telefon: <\/span><span style=\"font-size: 14px;\">0732 \/ 652062<br \/>E-Mail: <a href=\"mailto:s401126@bildung.gv.at\">s401126@bildung.gv.at<\/a><\/span><\/h3>\n<\/header>\n<div class=\"ce-textpic ce-right ce-intext\">\n<div class=\"ce-bodytext\">\n<p><strong>Speicherdauer<br \/><\/strong><span>Dass wir personenbezogene Daten nur so lange speichern, wie es f\u00fcr die Bereitstellung unserer Dienstleistungen und Produkte unbedingt notwendig ist, gilt als generelles Kriterium bei uns.<\/span><\/p>\n<p><strong>Rechte laut DSGVO<br \/><\/strong><span style=\"font-size: 14px;\">Laut Artikel 13 DSGVO stehen Ihnen die folgenden Rechte zu, damit es zu einer fairen und transparenten Verarbeitung von Daten kommt:<\/span><\/p>\n<ul class=\"adsimple-111792257\">\n<li class=\"adsimple-111792257\">Sie haben laut Artikel 15 DSGVO ein Auskunftsrecht dar\u00fcber, ob wir Daten von Ihnen verarbeiten.<\/li>\n<li class=\"adsimple-111792257\">Sie haben laut Artikel 16 DSGVO ein Recht auf Berichtigung der Daten, was bedeutet, dass wir Daten richtig stellen m\u00fcssen, falls Sie Fehler finden.<\/li>\n<li class=\"adsimple-111792257\">Sie haben laut Artikel 17 DSGVO das Recht auf L\u00f6schung (\u201eRecht auf Vergessenwerden\u201c), was konkret bedeutet, dass Sie die L\u00f6schung Ihrer Daten verlangen d\u00fcrfen.<\/li>\n<li class=\"adsimple-111792257\">Sie haben laut Artikel 18 DSGVO das Recht auf Einschr\u00e4nkung der Verarbeitung, was bedeutet, dass wir die Daten nur mehr speichern d\u00fcrfen aber nicht weiter verwenden.<\/li>\n<li class=\"adsimple-111792257\">Sie haben laut Artikel 20 DSGVO das Recht auf Daten\u00fcbertragbarkeit, was bedeutet, dass wir Ihnen auf Anfrage Ihre Daten in einem g\u00e4ngigen Format zur Verf\u00fcgung stellen.<\/li>\n<li class=\"adsimple-111792257\">Sie haben laut Artikel 21 DSGVO ein Widerspruchsrecht, welches nach Durchsetzung eine \u00c4nderung der Verarbeitung mit sich bringt.<\/li>\n<li class=\"adsimple-111792257\">Sie haben laut Artikel 22 DSGVO unter Umst\u00e4nden das Recht, nicht einer ausschlie\u00dflich auf einer automatisierten Verarbeitung (zum Beispiel Profiling) beruhenden Entscheidung unterworfen zu werden.<\/li>\n<\/ul>\n<p><strong>Webhosting<br \/><\/strong><span style=\"font-size: 14px;\">Education Group GmbH<br \/><\/span><span>Anastasius-Gr\u00fcn-Stra\u00dfe 22-24<\/span><br \/><span>A-4020 Linz<\/span><br \/><a href=\"http:\/\/www.edugroup.at\/\">http:\/\/www.edugroup.at<\/a><\/p>\n<p><span><\/span><\/p>\n<p><span><strong>Rechtsgrundlage<br \/><\/strong>In der folgenden Datenschutzerkl\u00e4rung geben wir Ihnen transparente Informationen zu den rechtlichen Grunds\u00e4tzen und Vorschriften, also den Rechtsgrundlagen der Datenschutz-Grundverordnung, die uns erm\u00f6glichen, personenbezogene Daten zu verarbeiten.<\/span><\/p>\n<p><span>In <strong class=\"adsimple-111792257\">\u00d6sterreich<\/strong> ist dies das Bundesgesetz zum Schutz nat\u00fcrlicher Personen bei der Verarbeitung personenbezogener Daten (<strong class=\"adsimple-111792257\">Datenschutzgesetz<\/strong>), kurz <strong class=\"adsimple-111792257\">DSG<\/strong>.<\/span><\/p>\n<p style=\"text-align: right;\"><em>Quelle: Erstellt\u00a0mit dem\u00a0<a href=\"https:\/\/www.adsimple.at\/datenschutz-generator\/\">Datenschutz-Generator<\/a> von AdSimple<\/em><\/p>\n<\/div>\n<\/div>\n<\/div>\n<p>[\/et_pb_text][\/et_pb_column][et_pb_column type=&#8220;1_4&#8243; _builder_version=&#8220;4.16&#8243; custom_padding=&#8220;|||&#8220; global_colors_info=&#8220;{}&#8220; custom_padding__hover=&#8220;|||&#8220;][et_pb_image src=&#8220;https:\/\/brghamerling.at\/wp-content\/uploads\/2021\/07\/logo_bm_bildung.png&#8220; title_text=&#8220;logo_bm_bildung&#8220; url=&#8220;https:\/\/www.bmbwf.gv.at\/public.html&#8220; url_new_window=&#8220;on&#8220; _builder_version=&#8220;4.16&#8243; _module_preset=&#8220;default&#8220; global_colors_info=&#8220;{}&#8220;][\/et_pb_image][et_pb_text _builder_version=&#8220;4.16&#8243; _module_preset=&#8220;default&#8220; global_colors_info=&#8220;{}&#8220;]<\/p>\n<p><a href=\"https:\/\/www.bmbwf.gv.at\/Themen\/schule\/schulrecht\/ds.html\" target=\"_blank\" rel=\"noopener\" title=\"Mehr erfahren\"><\/a>Datenschutzinformation gem\u00e4\u00df Art. 12ff DSGVO im Rahmen der Schulverwaltung an \u00f6sterreichischen Schulen gem\u00e4\u00df Art. 14 B-VG<\/p>\n<p><a href=\"https:\/\/www.bmbwf.gv.at\/Themen\/schule\/schulrecht\/ds.html\" target=\"_blank\" rel=\"noopener\" title=\"Mehr erfahren\">Mehr erfahren<\/a><\/p>\n<p>[\/et_pb_text][\/et_pb_column][\/et_pb_row][\/et_pb_section]<\/p>\n","protected":false},"excerpt":{"rendered":"<p>SchulleitungImpressumInhaber der WebsiteBundesrealgymnasium LinzHamerlingstr. 184020 Linz\u00d6sterreich Telefon: 0732 \/ 652062E-Mail: s401126@bildung.gv.at Schulkennzahl401126Verantwortlich f\u00fcr den Inhalt Mag. Michael Schneider (Direktor) Mag. Bernhard Biermayr\u00a0(Webmaster)Mag. Alexander Wollanek\u00a0(Webmaster) \u00a0Auf jenen Seiten, auf denen eine Ansprechperson angegeben ist, ist diese f\u00fcr den Inhalt verantwortlich. F\u00fcr den Inhalt der News sind die jeweiligen Redakteure zust\u00e4ndig, die auch namentlich im Bericht genannt [&hellip;]<\/p>\n","protected":false},"author":2,"featured_media":0,"parent":0,"menu_order":0,"comment_status":"closed","ping_status":"closed","template":"","meta":{"_et_pb_use_builder":"on","_et_pb_old_content":"","_et_gb_content_width":"","footnotes":""},"class_list":["post-25096","page","type-page","status-publish","hentry"],"_links":{"self":[{"href":"https:\/\/brghamerling.at\/index.php?rest_route=\/wp\/v2\/pages\/25096","targetHints":{"allow":["GET"]}}],"collection":[{"href":"https:\/\/brghamerling.at\/index.php?rest_route=\/wp\/v2\/pages"}],"about":[{"href":"https:\/\/brghamerling.at\/index.php?rest_route=\/wp\/v2\/types\/page"}],"author":[{"embeddable":true,"href":"https:\/\/brghamerling.at\/index.php?rest_route=\/wp\/v2\/users\/2"}],"replies":[{"embeddable":true,"href":"https:\/\/brghamerling.at\/index.php?rest_route=%2Fwp%2Fv2%2Fcomments&post=25096"}],"version-history":[{"count":13,"href":"https:\/\/brghamerling.at\/index.php?rest_route=\/wp\/v2\/pages\/25096\/revisions"}],"predecessor-version":[{"id":242575,"href":"https:\/\/brghamerling.at\/index.php?rest_route=\/wp\/v2\/pages\/25096\/revisions\/242575"}],"wp:attachment":[{"href":"https:\/\/brghamerling.at\/index.php?rest_route=%2Fwp%2Fv2%2Fmedia&parent=25096"}],"curies":[{"name":"wp","href":"https:\/\/api.w.org\/{rel}","templated":true}]}}