{"id":25456,"date":"2021-07-30T07:11:12","date_gmt":"2021-07-30T07:11:12","guid":{"rendered":"https:\/\/brghamerling.at\/?page_id=25456"},"modified":"2026-01-14T15:44:59","modified_gmt":"2026-01-14T13:44:59","slug":"wpg-matura","status":"publish","type":"page","link":"https:\/\/brghamerling.at\/?page_id=25456","title":{"rendered":"WPG &#038; MATURA"},"content":{"rendered":"<p>[et_pb_section fb_built=&#8220;1&#8243; admin_label=&#8220;Header&#8220; _builder_version=&#8220;4.16&#8243; use_background_color_gradient=&#8220;on&#8220; background_color_gradient_direction=&#8220;105deg&#8220; background_color_gradient_stops=&#8220;#eef8fe 0%|#efefef 100%&#8220; background_color_gradient_start=&#8220;#eef8fe&#8220; background_color_gradient_end=&#8220;#efefef&#8220; background_image=&#8220;https:\/\/brghamerling.at\/wp-content\/uploads\/2021\/07\/head-matura.jpg&#8220; custom_margin=&#8220;|||&#8220; custom_padding=&#8220;120px|0px|120px|0px||&#8220; locked=&#8220;off&#8220; global_colors_info=&#8220;{}&#8220;][et_pb_row _builder_version=&#8220;4.16&#8243; global_colors_info=&#8220;{}&#8220;][et_pb_column type=&#8220;4_4&#8243; _builder_version=&#8220;4.16&#8243; custom_padding=&#8220;|||&#8220; global_colors_info=&#8220;{}&#8220; custom_padding__hover=&#8220;|||&#8220;][et_pb_text disabled_on=&#8220;on|on|on&#8220; _builder_version=&#8220;4.16&#8243; text_font=&#8220;Poppins||||||||&#8220; text_text_color=&#8220;rgba(255,255,255,0.8)&#8220; text_font_size=&#8220;18px&#8220; text_line_height=&#8220;1.8em&#8220; header_font=&#8220;Poppins|600|||||||&#8220; header_text_color=&#8220;#ffffff&#8220; header_font_size=&#8220;48px&#8220; header_line_height=&#8220;1.4em&#8220; header_3_font=&#8220;Poppins|600|||||||&#8220; header_3_font_size=&#8220;36px&#8220; header_3_line_height=&#8220;1.4em&#8220; background_layout=&#8220;dark&#8220; max_width=&#8220;600px&#8220; module_alignment=&#8220;left&#8220; custom_margin=&#8220;|||&#8220; custom_padding=&#8220;||0px|||&#8220; disabled=&#8220;on&#8220; global_colors_info=&#8220;{}&#8220;]<\/p>\n<h1>WPG &amp; MATURA<\/h1>\n<p>[\/et_pb_text][\/et_pb_column][\/et_pb_row][\/et_pb_section][et_pb_section fb_built=&#8220;1&#8243; admin_label=&#8220;Kontakt&#8220; _builder_version=&#8220;4.16&#8243; background_color=&#8220;#01438B&#8220; min_height=&#8220;20px&#8220; max_height=&#8220;20px&#8220; custom_padding=&#8220;30px|0px|0px|0px||&#8220; global_colors_info=&#8220;{%22gcid-50c54f50-2d2a-4bbd-bde4-e45f40ea57f4%22:%91%22colorStart%22%93,%22gcid-538d9bf5-0d53-4187-911b-57a8d9e16acb%22:%91%93,%22gcid-38337a81-d11d-447b-b730-348d69a55118%22:%91%93}&#8220;][\/et_pb_section][et_pb_section fb_built=&#8220;1&#8243; admin_label=&#8220;Become a Member Section&#8220; _builder_version=&#8220;4.16&#8243; background_color=&#8220;#fafbfc&#8220; use_background_color_gradient=&#8220;on&#8220; background_color_gradient_type=&#8220;circular&#8220; background_color_gradient_direction_radial=&#8220;top left&#8220; background_color_gradient_stops=&#8220;#6aaf2e 0%|#ffffff 0%&#8220; background_color_gradient_start=&#8220;#6aaf2e&#8220; background_color_gradient_end=&#8220;#ffffff&#8220; background_color_gradient_end_position=&#8220;0%&#8220; custom_padding=&#8220;30px|0px|30px|0px||&#8220; global_colors_info=&#8220;{%22gcid-538d9bf5-0d53-4187-911b-57a8d9e16acb%22:%91%22colorStart%22%93}&#8220;][et_pb_row _builder_version=&#8220;4.16&#8243; custom_padding=&#8220;|||&#8220; locked=&#8220;off&#8220; global_colors_info=&#8220;{}&#8220;][et_pb_column type=&#8220;4_4&#8243; _builder_version=&#8220;4.16&#8243; custom_padding=&#8220;|||&#8220; global_colors_info=&#8220;{}&#8220; custom_padding__hover=&#8220;|||&#8220;][et_pb_text _builder_version=&#8220;4.16&#8243; text_font=&#8220;||||||||&#8220; header_font=&#8220;||||||||&#8220; header_2_font=&#8220;Poppins|500||on|||||&#8220; header_2_text_color=&#8220;rgba(0,0,0,0.2)&#8220; header_2_font_size=&#8220;16px&#8220; header_2_letter_spacing=&#8220;1px&#8220; header_2_line_height=&#8220;1.3em&#8220; custom_margin=&#8220;||20px|&#8220; saved_tabs=&#8220;all&#8220; locked=&#8220;off&#8220; global_colors_info=&#8220;{}&#8220;]<\/p>\n<h2>Bildungsangebot &gt; WPG &amp; MATURA<\/h2>\n<p>[\/et_pb_text][et_pb_text _builder_version=&#8220;4.16&#8243; text_font=&#8220;||||||||&#8220; text_text_color=&#8220;gcid-dd4717c7-ba97-42a2-b764-dc54d8530d84&#8243; header_font=&#8220;||||||||&#8220; header_3_font=&#8220;Poppins|600||on|||||&#8220; header_3_text_color=&#8220;gcid-dd4717c7-ba97-42a2-b764-dc54d8530d84&#8243; header_3_font_size=&#8220;36px&#8220; header_3_line_height=&#8220;1.4em&#8220; global_colors_info=&#8220;{%22gcid-538d9bf5-0d53-4187-911b-57a8d9e16acb%22:%91%93,%22gcid-dd4717c7-ba97-42a2-b764-dc54d8530d84%22:%91%22text_text_color%22,%22header_3_text_color%22%93}&#8220;]<\/p>\n<h3>WPG &amp; MATURA<\/h3>\n<p>[\/et_pb_text][et_pb_text _builder_version=&#8220;4.16&#8243; _module_preset=&#8220;default&#8220; header_3_font=&#8220;|700||on|||||&#8220; header_3_text_color=&#8220;gcid-dd4717c7-ba97-42a2-b764-dc54d8530d84&#8243; header_4_font=&#8220;|700||on|||||&#8220; header_4_text_color=&#8220;#777777&#8243; header_4_font_size=&#8220;22px&#8220; custom_padding=&#8220;|0px||||&#8220; locked=&#8220;off&#8220; global_colors_info=&#8220;{%22gcid-5045b5df-4d48-4421-92ad-92d11b2e5ca9%22:%91%22header_3_text_color%22%93,%22gcid-08492866-8e06-4bb0-9d42-81b936eebfb0%22:%91%93,%22gcid-e51528a4-3544-453b-bb14-4632918b6981%22:%91%93,%22gcid-dd4717c7-ba97-42a2-b764-dc54d8530d84%22:%91%22header_3_text_color%22,%22header_3_text_color%22%93}&#8220;]<\/p>\n<h4>Zum Nachdenken<\/h4>\n<div class=\"page\" title=\"Page 1\">\n<div class=\"section\">\n<div class=\"layoutArea\">\n<div class=\"column\">\n<p><span>Wahlpflichtgegensta\u0308nde sind fu\u0308r dich ein Stu\u0308ck Freiheit, na\u0308mlich die Freiheit, selbst zu entscheiden was du lernen willst.<\/span><\/p>\n<p>Das betrifft zum einen die <span style=\"color: #f4a501;\">Gegensta\u0308nde<\/span><span>, die du auswa\u0308hlst:<\/span><\/p>\n<ul>\n<li><span>Du kannst neue Gegensta\u0308nde wa\u0308hlen (zusa\u0308tzliche Gegensta\u0308nde) oder dich fu\u0308r vertieften Unterricht in den so genannten \u201eKernfa\u0308chern\u201c (vertiefende Gegensta\u0308nde) entscheiden.<\/span><\/li>\n<li><span>Freiheit bei den Wahlpflichtgegensta\u0308nden bedeutet aber auch, dass du das Geschehen in den meist kleinen Wahlpflichtgruppen <\/span><span style=\"color: #f4a501;\">aktiv mitbestimmst<\/span><span>. Es geht darum, gemeinsam mit den Mitschu\u0308lern und dem Lehrer festzulegen, was gelernt und wie die Arbeit aufgeteilt werden soll. So kannst du erleben, in einem Team zu arbeiten und hast die Chance dich mit interessanten Themen deiner Wahl zu bescha\u0308ftigen.<\/span><\/li>\n<\/ul>\n<p><span>Vielleicht entdeckst du durch einen Wahlpflichtgegenstand deine <\/span><span style=\"color: #f4a501;\">besonderen Interessen und Fa\u0308higkeiten <\/span><span>und wei\u00dft dann besser, was du nach der Matura studieren willst. Die Art der Aufgabenstellungen und die Anforderungen, die an dich im Wahlpflichtgegenstand gestellt werden, sollen zur Erlangung der <\/span><span style=\"color: #f4a501;\">\u201eStudierfa\u0308higkeit\u201c <\/span><span>&#8211; das ist ein ganz wichtiges Ziel der AHS &#8211; beitragen.<\/span><\/p>\n<p><span>Schlie\u00dflich solltest du bei deiner Wahl auch an die <\/span><span style=\"color: #f4a501;\">Matura <\/span><span>denken.<\/span><\/p>\n<p><span><\/span><\/p>\n<p><strong>Eigenst\u00e4ndige Maturabilit\u00e4t<\/strong><span><\/span><\/p>\n<div class=\"page\" title=\"Page 1\">\n<div class=\"section\">\n<div class=\"layoutArea\">\n<div class=\"column\">\n<p><span><span style=\"color: #f4a501;\">Pflichtgegenstand und Wahlpflichtgegenstand<\/span><br \/><\/span><span>mind. vierstu\u0308ndig, muss mindestens bis zur vorletzten Schulstufe\u00a0<\/span><span>unterrichtet worden sein<\/span><\/p>\n<\/div>\n<\/div>\n<\/div>\n<\/div>\n<p><span><\/span><\/p>\n<\/div>\n<\/div>\n<\/div>\n<\/div>\n<p>[\/et_pb_text][\/et_pb_column][\/et_pb_row][et_pb_row column_structure=&#8220;1_2,1_2&#8243; _builder_version=&#8220;4.16&#8243; _module_preset=&#8220;default&#8220; min_height=&#8220;713px&#8220; custom_margin=&#8220;-8px|auto||auto||&#8220; global_colors_info=&#8220;{}&#8220;][et_pb_column type=&#8220;1_2&#8243; _builder_version=&#8220;4.16&#8243; _module_preset=&#8220;default&#8220; global_colors_info=&#8220;{}&#8220;][et_pb_text _builder_version=&#8220;4.16&#8243; _module_preset=&#8220;default&#8220; header_3_font=&#8220;|700||on|||||&#8220; header_3_text_color=&#8220;gcid-dd4717c7-ba97-42a2-b764-dc54d8530d84&#8243; header_4_font=&#8220;|700||on|||||&#8220; header_4_text_color=&#8220;#6AAF2E&#8220; header_4_font_size=&#8220;22px&#8220; custom_margin=&#8220;||-1px|||&#8220; custom_padding=&#8220;|0px||||&#8220; global_colors_info=&#8220;{%22gcid-5045b5df-4d48-4421-92ad-92d11b2e5ca9%22:%91%22header_3_text_color%22%93,%22gcid-08492866-8e06-4bb0-9d42-81b936eebfb0%22:%91%93,%22gcid-e51528a4-3544-453b-bb14-4632918b6981%22:%91%93,%22gcid-dd4717c7-ba97-42a2-b764-dc54d8530d84%22:%91%22header_3_text_color%22,%22header_3_text_color%22%93}&#8220;]<\/p>\n<h4>NAWI<\/h4>\n<p>[\/et_pb_text][et_pb_image src=&#8220;https:\/\/brghamerling.at\/wp-content\/uploads\/2026\/01\/Matura_Tabelle_Nawi_2026.png&#8220; title_text=&#8220;Matura_Tabelle_Nawi_2026&#8243; _builder_version=&#8220;4.27.4&#8243; _module_preset=&#8220;default&#8220; hover_enabled=&#8220;0&#8243; global_colors_info=&#8220;{}&#8220; sticky_enabled=&#8220;0&#8243;][\/et_pb_image][\/et_pb_column][et_pb_column type=&#8220;1_2&#8243; _builder_version=&#8220;4.16&#8243; _module_preset=&#8220;default&#8220; global_colors_info=&#8220;{}&#8220;][et_pb_text _builder_version=&#8220;4.16&#8243; _module_preset=&#8220;default&#8220; header_3_font=&#8220;|700||on|||||&#8220; header_3_text_color=&#8220;gcid-dd4717c7-ba97-42a2-b764-dc54d8530d84&#8243; header_4_font=&#8220;|700||on|||||&#8220; header_4_text_color=&#8220;#b41179&#8243; header_4_font_size=&#8220;22px&#8220; custom_margin=&#8220;||-1px|||&#8220; custom_padding=&#8220;|0px||||&#8220; global_colors_info=&#8220;{%22gcid-5045b5df-4d48-4421-92ad-92d11b2e5ca9%22:%91%22header_3_text_color%22%93,%22gcid-08492866-8e06-4bb0-9d42-81b936eebfb0%22:%91%93,%22gcid-e51528a4-3544-453b-bb14-4632918b6981%22:%91%93,%22gcid-dd4717c7-ba97-42a2-b764-dc54d8530d84%22:%91%22header_3_text_color%22,%22header_3_text_color%22%93}&#8220;]<\/p>\n<h4>MKK<\/h4>\n<p>[\/et_pb_text][et_pb_image src=&#8220;https:\/\/brghamerling.at\/wp-content\/uploads\/2026\/01\/Matura_Tabelle_MKK_2026.png&#8220; title_text=&#8220;Matura_Tabelle_MKK_2026&#8243; _builder_version=&#8220;4.27.4&#8243; _module_preset=&#8220;default&#8220; hover_enabled=&#8220;0&#8243; global_colors_info=&#8220;{}&#8220; sticky_enabled=&#8220;0&#8243;][\/et_pb_image][\/et_pb_column][\/et_pb_row][et_pb_row _builder_version=&#8220;4.16&#8243; _module_preset=&#8220;default&#8220; custom_padding=&#8220;1px|||||&#8220; global_colors_info=&#8220;{}&#8220;][et_pb_column type=&#8220;4_4&#8243; _builder_version=&#8220;4.16&#8243; _module_preset=&#8220;default&#8220; global_colors_info=&#8220;{}&#8220;][et_pb_text _builder_version=&#8220;4.16&#8243; _module_preset=&#8220;default&#8220; header_4_font=&#8220;|700||on|||||&#8220; header_4_text_color=&#8220;#777777&#8243; custom_margin=&#8220;||-54px|||&#8220; global_colors_info=&#8220;{}&#8220;]<\/p>\n<div class=\"page\" title=\"Page 2\"><\/div>\n<div class=\"page\" title=\"Page 2\">\n<div class=\"layoutArea\">\n<div class=\"column\">\n<p><span><strong>Bei der Wahl ist folgendes zu beachten:<\/strong><br \/><\/span><span>Die Summe aller Wahlpflichtstunden betra\u0308gt fu\u0308r Schu\u0308lerInnen <\/span><span>4 Stunden <\/span><span>(Ausnahme Sp, F, Inf).<br \/>Die zusa\u0308tzlichen Gegensta\u0308nde mu\u0308ssen im angegebenen Ausma\u00df besucht werden.<br \/><\/span><strong style=\"font-size: 14px;\"><\/strong><\/p>\n<p><strong style=\"font-size: 14px;\">Schwerpunktfa\u0308cher (NAWI) entsprechen WPG.<\/strong><span><br \/><\/span><span>Ein zusa\u0308tzliches WPG kann nur gewa\u0308hlt werden, wenn er nicht schon als Pflichtgegenstand besucht wird. Ein vertiefender WPG ist wa\u0308hlbar, wenn auch der entsprechende Pflichtgegenstand besucht wird. Jeder<br \/>WPG ist mu\u0308ndl. maturabel wenn er im Umfang von 4 Std. (vertiefend) bzw. 6 Std. (zusa\u0308tzlich) besucht wurde.<\/span><\/p>\n<p><span><\/span><\/p>\n<p><span><\/span><\/p>\n<p><span><\/span><\/p>\n<h4>Wie l\u00e4uft die reifepr\u00fcfung ab?<\/h4>\n<p><span><\/span><\/p>\n<p><span><\/span><\/p>\n<\/div>\n<\/div>\n<\/div>\n<p>[\/et_pb_text][\/et_pb_column][\/et_pb_row][et_pb_row column_structure=&#8220;1_2,1_2&#8243; _builder_version=&#8220;4.16&#8243; _module_preset=&#8220;default&#8220; global_colors_info=&#8220;{}&#8220;][et_pb_column type=&#8220;1_2&#8243; _builder_version=&#8220;4.16&#8243; _module_preset=&#8220;default&#8220; global_colors_info=&#8220;{}&#8220;][et_pb_text _builder_version=&#8220;4.16&#8243; _module_preset=&#8220;default&#8220; header_3_font=&#8220;|700||on|||||&#8220; header_3_text_color=&#8220;gcid-dd4717c7-ba97-42a2-b764-dc54d8530d84&#8243; header_4_font=&#8220;|700||on|||||&#8220; header_4_text_color=&#8220;#6AAF2E&#8220; header_4_font_size=&#8220;22px&#8220; custom_margin=&#8220;||-1px|||&#8220; custom_padding=&#8220;|0px||||&#8220; global_colors_info=&#8220;{%22gcid-5045b5df-4d48-4421-92ad-92d11b2e5ca9%22:%91%22header_3_text_color%22%93,%22gcid-08492866-8e06-4bb0-9d42-81b936eebfb0%22:%91%93,%22gcid-e51528a4-3544-453b-bb14-4632918b6981%22:%91%93,%22gcid-dd4717c7-ba97-42a2-b764-dc54d8530d84%22:%91%22header_3_text_color%22,%22header_3_text_color%22%93}&#8220;]<\/p>\n<h4>NAWI<\/h4>\n<p>[\/et_pb_text][et_pb_image src=&#8220;https:\/\/brghamerling.at\/wp-content\/uploads\/2021\/07\/Bildschirmfoto-2021-07-30-um-09.24.55.png&#8220; title_text=&#8220;Bildschirmfoto 2021-07-30 um 09.24.55&#8243; _builder_version=&#8220;4.16&#8243; _module_preset=&#8220;default&#8220; global_colors_info=&#8220;{}&#8220;][\/et_pb_image][\/et_pb_column][et_pb_column type=&#8220;1_2&#8243; _builder_version=&#8220;4.16&#8243; _module_preset=&#8220;default&#8220; global_colors_info=&#8220;{}&#8220;][et_pb_text _builder_version=&#8220;4.16&#8243; _module_preset=&#8220;default&#8220; header_3_font=&#8220;|700||on|||||&#8220; header_3_text_color=&#8220;gcid-dd4717c7-ba97-42a2-b764-dc54d8530d84&#8243; header_4_font=&#8220;|700||on|||||&#8220; header_4_text_color=&#8220;#b41179&#8243; header_4_font_size=&#8220;22px&#8220; custom_margin=&#8220;||-1px|||&#8220; custom_padding=&#8220;|0px||||&#8220; global_colors_info=&#8220;{%22gcid-5045b5df-4d48-4421-92ad-92d11b2e5ca9%22:%91%22header_3_text_color%22%93,%22gcid-08492866-8e06-4bb0-9d42-81b936eebfb0%22:%91%93,%22gcid-e51528a4-3544-453b-bb14-4632918b6981%22:%91%93,%22gcid-dd4717c7-ba97-42a2-b764-dc54d8530d84%22:%91%22header_3_text_color%22,%22header_3_text_color%22%93}&#8220;]<\/p>\n<h4>MKK<\/h4>\n<p>[\/et_pb_text][et_pb_image src=&#8220;https:\/\/brghamerling.at\/wp-content\/uploads\/2021\/07\/Bildschirmfoto-2021-07-30-um-09.42.34.png&#8220; title_text=&#8220;Bildschirmfoto 2021-07-30 um 09.42.34&#8243; _builder_version=&#8220;4.16&#8243; _module_preset=&#8220;default&#8220; global_colors_info=&#8220;{}&#8220;][\/et_pb_image][\/et_pb_column][\/et_pb_row][et_pb_row _builder_version=&#8220;4.16&#8243; _module_preset=&#8220;default&#8220; custom_margin=&#8220;-26px|auto||auto||&#8220; global_colors_info=&#8220;{}&#8220;][et_pb_column type=&#8220;4_4&#8243; _builder_version=&#8220;4.16&#8243; _module_preset=&#8220;default&#8220; global_colors_info=&#8220;{}&#8220;][et_pb_text _builder_version=&#8220;4.16&#8243; _module_preset=&#8220;default&#8220; global_colors_info=&#8220;{}&#8220;]<\/p>\n<p>Sie setzt sich aus drei voneinander unabh\u00e4ngigen Pr\u00fcfungsteilen zusammen (<span style=\"color: #f4a501;\">\u201eDrei-S\u00e4ulen-Modell\u201c<\/span>):<\/p>\n<p><span style=\"font-size: 14px;\"><strong>1.<\/strong> Alle Sch\u00fclerinnen und Sch\u00fcler m\u00fcssen eine <\/span><span style=\"font-size: 14px; color: #f4a501;\">\u201eVorwissenschaftliche Arbeit (einschlie\u00dflich Pr\u00e4sentation und Diskussion)\u201c<\/span><span style=\"font-size: 14px;\"> zu einem selbst gew\u00e4hlten Thema schreiben und diese m\u00fcndlich pr\u00e4sentieren. (Anmeldung im 1.Semester der 7.Klasse &#8211; freie Wahl der Pr\u00fcfer\/innen &#8211; begrenzter Umfang (max. 60000 Zeichen) &#8211; Betreuungsgespr\u00e4che &#8211; Beschreibung der Arbeit &#8211; Sch\/L &#8211; Protokoll)<\/span><span style=\"font-size: 14px;\"><\/span><\/p>\n<p><span style=\"font-size: 14px;\"><strong>2.<\/strong> Das vergleichbare Element der neuen Reifepr\u00fcfung sind die <span style=\"color: #f4a501;\">schriftlichen Klausurarbeiten:<\/span> Alle Sch\u00fclerinnen und Sch\u00fcler in ganz \u00d6sterreich erhalten zum selben Pr\u00fcfungstermin einheitliche Aufgabenstellungen, wobei die lehrplanm\u00e4\u00dfig verschiedenen Schultypen ber\u00fccksichtigt werden.<br \/><\/span>(optional 3 oder 4 Klausuren &#8211; standardisiert in D, M, Fremdsprachen &#8211; Korrektur und Beurteilung durch Lehrkraft &#8211; m\u00fcndliche oder schriftliche Kompensation)<\/p>\n<p><strong>3.<\/strong> Bei der <span style=\"color: #f4a501;\">m\u00fcndlichen Pr\u00fcfung<\/span> sind die Aufgabenstellungen nicht zentral vorgegeben, sondern bleiben in der Verantwortung der Lehrer\/innen\u00a0(10-20 Minuten &#8211; Themenpool: 2-3 Themen\/JWst, max. 18, Beantwortung einer Aufgabenstellung &#8211; Pr\u00fcfer\/in+Beisitzer\/in &#8211; Sch\u00fcler\/in zieht aus dem vollen Themenpool).\u00a0Bei zwei\/drei m\u00fcndlichen Pr\u00fcfungen muss die Summe der Jahreswochenstunden der beiden Gegenst\u00e4nde in der Oberstufe mindestens 10\/15 Unterrichtsstunden betragen.<\/p>\n<p>Der schulautonome Schwerpunkt ist entweder bei der \u201eVorwissenschaftlichen Arbeit\u201c <span style=\"color: #f4a501;\">oder<\/span> bei der Klausurpr\u00fcfung (als \u201e4. Klausur\u201c) <span style=\"color: #f4a501;\">oder<\/span> der \u201eM\u00fcndlichen Pr\u00fcfung\u201c zu ber\u00fccksichtigen.<\/p>\n<p>[\/et_pb_text][\/et_pb_column][\/et_pb_row][\/et_pb_section][et_pb_section fb_built=&#8220;1&#8243; disabled_on=&#8220;off|off|off&#8220; admin_label=&#8220;Stundentafel&#8220; _builder_version=&#8220;4.16&#8243; background_color=&#8220;#fafbfc&#8220; custom_padding=&#8220;30px|0px|30px|0px||&#8220; global_colors_info=&#8220;{}&#8220;][et_pb_row use_custom_gutter=&#8220;on&#8220; gutter_width=&#8220;2&#8243; custom_padding_last_edited=&#8220;on|desktop&#8220; _builder_version=&#8220;4.16&#8243; custom_padding=&#8220;|||&#8220; custom_padding_tablet=&#8220;0px||0px|&#8220; custom_padding_phone=&#8220;&#8220; locked=&#8220;off&#8220; global_colors_info=&#8220;{}&#8220;][et_pb_column type=&#8220;4_4&#8243; _builder_version=&#8220;4.16&#8243; custom_padding=&#8220;|||&#8220; global_colors_info=&#8220;{}&#8220; custom_padding__hover=&#8220;|||&#8220;][et_pb_text _builder_version=&#8220;4.16&#8243; _module_preset=&#8220;default&#8220; text_font=&#8220;||||||||&#8220; header_font=&#8220;|||on|||||&#8220; header_text_align=&#8220;center&#8220; header_3_font=&#8220;|600||on|||||&#8220; header_3_text_align=&#8220;left&#8220; header_3_text_color=&#8220;#01438B&#8220; header_3_font_size=&#8220;36px&#8220; header_3_line_height=&#8220;1.4em&#8220; text_orientation=&#8220;center&#8220; global_colors_info=&#8220;{%22gcid-dd4717c7-ba97-42a2-b764-dc54d8530d84%22:%91%93,%22gcid-538d9bf5-0d53-4187-911b-57a8d9e16acb%22:%91%93}&#8220;]<\/p>\n<h3>StundentafelN<\/h3>\n<p>[\/et_pb_text][\/et_pb_column][\/et_pb_row][et_pb_row column_structure=&#8220;1_2,1_2&#8243; _builder_version=&#8220;4.16&#8243; _module_preset=&#8220;default&#8220; global_colors_info=&#8220;{}&#8220;][et_pb_column type=&#8220;1_2&#8243; _builder_version=&#8220;4.16&#8243; _module_preset=&#8220;default&#8220; global_colors_info=&#8220;{}&#8220;][et_pb_image src=&#8220;https:\/\/brghamerling.at\/wp-content\/uploads\/2021\/07\/NAWI_stundentafel.png&#8220; title_text=&#8220;NAWI_stundentafel&#8220; _builder_version=&#8220;4.16&#8243; _module_preset=&#8220;default&#8220; global_colors_info=&#8220;{}&#8220;][\/et_pb_image][\/et_pb_column][et_pb_column type=&#8220;1_2&#8243; _builder_version=&#8220;4.16&#8243; _module_preset=&#8220;default&#8220; global_colors_info=&#8220;{}&#8220;][et_pb_image src=&#8220;https:\/\/brghamerling.at\/wp-content\/uploads\/2021\/08\/Bildschirmfoto-2021-08-18-um-09.57.55.png&#8220; title_text=&#8220;Bildschirmfoto 2021-08-18 um 09.57.55&#8243; _builder_version=&#8220;4.16&#8243; _module_preset=&#8220;default&#8220; global_colors_info=&#8220;{}&#8220;][\/et_pb_image][\/et_pb_column][\/et_pb_row][\/et_pb_section]<\/p>\n","protected":false},"excerpt":{"rendered":"<p>WPG &amp; MATURABildungsangebot &gt; WPG &amp; MATURAWPG &amp; MATURAZum Nachdenken Wahlpflichtgegensta\u0308nde sind fu\u0308r dich ein Stu\u0308ck Freiheit, na\u0308mlich die Freiheit, selbst zu entscheiden was du lernen willst. Das betrifft zum einen die Gegensta\u0308nde, die du auswa\u0308hlst: Du kannst neue Gegensta\u0308nde wa\u0308hlen (zusa\u0308tzliche Gegensta\u0308nde) oder dich fu\u0308r vertieften Unterricht in den so genannten \u201eKernfa\u0308chern\u201c (vertiefende Gegensta\u0308nde) [&hellip;]<\/p>\n","protected":false},"author":1,"featured_media":0,"parent":0,"menu_order":0,"comment_status":"closed","ping_status":"closed","template":"","meta":{"_et_pb_use_builder":"on","_et_pb_old_content":"","_et_gb_content_width":"","footnotes":""},"class_list":["post-25456","page","type-page","status-publish","hentry"],"_links":{"self":[{"href":"https:\/\/brghamerling.at\/index.php?rest_route=\/wp\/v2\/pages\/25456","targetHints":{"allow":["GET"]}}],"collection":[{"href":"https:\/\/brghamerling.at\/index.php?rest_route=\/wp\/v2\/pages"}],"about":[{"href":"https:\/\/brghamerling.at\/index.php?rest_route=\/wp\/v2\/types\/page"}],"author":[{"embeddable":true,"href":"https:\/\/brghamerling.at\/index.php?rest_route=\/wp\/v2\/users\/1"}],"replies":[{"embeddable":true,"href":"https:\/\/brghamerling.at\/index.php?rest_route=%2Fwp%2Fv2%2Fcomments&post=25456"}],"version-history":[{"count":22,"href":"https:\/\/brghamerling.at\/index.php?rest_route=\/wp\/v2\/pages\/25456\/revisions"}],"predecessor-version":[{"id":243253,"href":"https:\/\/brghamerling.at\/index.php?rest_route=\/wp\/v2\/pages\/25456\/revisions\/243253"}],"wp:attachment":[{"href":"https:\/\/brghamerling.at\/index.php?rest_route=%2Fwp%2Fv2%2Fmedia&parent=25456"}],"curies":[{"name":"wp","href":"https:\/\/api.w.org\/{rel}","templated":true}]}}